{"id":991,"date":"2018-10-31T11:03:38","date_gmt":"2018-10-31T10:03:38","guid":{"rendered":"https:\/\/websites.fraunhofer.de\/innovationssysteme\/?page_id=991"},"modified":"2018-10-31T11:03:38","modified_gmt":"2018-10-31T10:03:38","slug":"innovation-benchmarking-fuer-ciser-befestigungssysteme-brasilien","status":"publish","type":"page","link":"https:\/\/innovationssysteme.fraunhofer.de\/index.php\/de\/referenzen\/innovation-benchmarking-fuer-ciser-befestigungssysteme-brasilien\/","title":{"rendered":"Innovation Benchmarking f\u00fcr CISER &#8211; Befestigungssysteme (Brasilien)"},"content":{"rendered":"<p><img loading=\"lazy\" decoding=\"async\" class=\"alignnone size-full wp-image-415\" src=\"https:\/\/innovationssysteme.fraunhofer.de\/wp-content\/uploads\/2018\/10\/ciser.png\" alt=\"\" width=\"1400\" height=\"500\" \/> <\/p>\n<p style=\"text-align: justify;\">\n\u21e8 <strong>Projekt Titel: <\/strong>Realisierung eines Innovation Benchmarking im europ\u00e4ischen Markt und Entwicklung einer Innovation Roadmap<br \/>\n\u21e8 <strong>Kunde:<\/strong> Ciser Fasteners (Brasilien)<\/p>\n<p style=\"text-align: justify;\">\nCiser ist eines der f\u00fchrenden brasilianischen Unternehmen in der Produktion und im Vertrieb von Befestigungssystemen (Schrauben und andere). Das Unternehmen verf\u00fcgt \u00fcber eine Produktionskapazit\u00e4t von 6.000 Tonnen\/Monat und 27.000 Produkte, um 20.000 Kunden in \u00fcber 20 L\u00e4ndern zu beliefern.<br \/>\nIm Auftrag von CISER entwickelte CCIS ein Innovations-Benchmarking, um CISER bei der Entwicklung innovativer L\u00f6sungen f\u00fcr dessen Kunden zu unterst\u00fctzen und in Zukunft wettbewerbsf\u00e4hig und marktf\u00e4hig zu sein. Das Innovations-Benchmarking umfasst eine Analyse aktueller Trends in den Bereichen Materialien, Technologien, Produkte, Dienstleistungen, Marketing und Gesch\u00e4ftsmodelle in der europ\u00e4ischen Befestigungsindustrie. Ziel ist es, die Marktst\u00e4rke und Wettbewerbsf\u00e4higkeit von CISER zu optimieren und zukunftsf\u00e4hig zu machen. Dazu wurden die Benchmarking-Ergebnisse in einem Innovationsworkshop diskutiert. W\u00e4hrend des Workshops wurden alle entwickelten Ideen in eine Innovations-Roadmap aufgenommen, so dass die Ideen Schritt f\u00fcr Schritt in verschiedenen Projekten umgesetzt werden k\u00f6nnen.<\/p>\n","protected":false},"excerpt":{"rendered":"<p>\u21e8 Projekt Titel: Realisierung eines Innovation Benchmarking im europ\u00e4ischen Markt und Entwicklung einer Innovation Roadmap \u21e8 Kunde: Ciser Fasteners (Brasilien) Ciser ist eines der f\u00fchrenden brasilianischen Unternehmen in der Produktion und im Vertrieb von Befestigungssystemen (Schrauben und andere). Das Unternehmen&#8230;<\/p>\n","protected":false},"author":1,"featured_media":0,"parent":30,"menu_order":0,"comment_status":"closed","ping_status":"closed","template":"","meta":{"footnotes":"","_links_to":"","_links_to_target":""},"coauthors":[2],"class_list":["post-991","page","type-page","status-publish","hentry"],"_links":{"self":[{"href":"https:\/\/innovationssysteme.fraunhofer.de\/index.php\/wp-json\/wp\/v2\/pages\/991","targetHints":{"allow":["GET"]}}],"collection":[{"href":"https:\/\/innovationssysteme.fraunhofer.de\/index.php\/wp-json\/wp\/v2\/pages"}],"about":[{"href":"https:\/\/innovationssysteme.fraunhofer.de\/index.php\/wp-json\/wp\/v2\/types\/page"}],"author":[{"embeddable":true,"href":"https:\/\/innovationssysteme.fraunhofer.de\/index.php\/wp-json\/wp\/v2\/users\/1"}],"replies":[{"embeddable":true,"href":"https:\/\/innovationssysteme.fraunhofer.de\/index.php\/wp-json\/wp\/v2\/comments?post=991"}],"version-history":[{"count":1,"href":"https:\/\/innovationssysteme.fraunhofer.de\/index.php\/wp-json\/wp\/v2\/pages\/991\/revisions"}],"predecessor-version":[{"id":992,"href":"https:\/\/innovationssysteme.fraunhofer.de\/index.php\/wp-json\/wp\/v2\/pages\/991\/revisions\/992"}],"up":[{"embeddable":true,"href":"https:\/\/innovationssysteme.fraunhofer.de\/index.php\/wp-json\/wp\/v2\/pages\/30"}],"wp:attachment":[{"href":"https:\/\/innovationssysteme.fraunhofer.de\/index.php\/wp-json\/wp\/v2\/media?parent=991"}],"wp:term":[{"taxonomy":"author","embeddable":true,"href":"https:\/\/innovationssysteme.fraunhofer.de\/index.php\/wp-json\/wp\/v2\/coauthors?post=991"}],"curies":[{"name":"wp","href":"https:\/\/api.w.org\/{rel}","templated":true}]}}