{"id":924,"date":"2018-07-24T13:09:12","date_gmt":"2018-07-24T11:09:12","guid":{"rendered":"https:\/\/websites.fraunhofer.de\/innovationssysteme\/?page_id=924"},"modified":"2018-07-25T14:13:20","modified_gmt":"2018-07-25T12:13:20","slug":"cross-organizational-assessment-and-development-of-intellectual-capital","status":"publish","type":"page","link":"https:\/\/innovationssysteme.fraunhofer.de\/index.php\/projects-and-activities\/cross-organizational-assessment-and-development-of-intellectual-capital\/","title":{"rendered":"Cross-Organizational Assessment and Development of Intellectual Capital"},"content":{"rendered":"<p><img loading=\"lazy\" decoding=\"async\" class=\"alignnone size-full wp-image-925\" src=\"https:\/\/innovationssysteme.fraunhofer.de\/wp-content\/uploads\/2018\/07\/Cardic_lila-1.png\" alt=\"\" width=\"1190\" height=\"276\" srcset=\"https:\/\/innovationssysteme.fraunhofer.de\/wp-content\/uploads\/2018\/07\/Cardic_lila-1.png 1190w, https:\/\/innovationssysteme.fraunhofer.de\/wp-content\/uploads\/2018\/07\/Cardic_lila-1-300x70.png 300w, https:\/\/innovationssysteme.fraunhofer.de\/wp-content\/uploads\/2018\/07\/Cardic_lila-1-768x178.png 768w, https:\/\/innovationssysteme.fraunhofer.de\/wp-content\/uploads\/2018\/07\/Cardic_lila-1-1024x237.png 1024w\" sizes=\"auto, (max-width: 1190px) 100vw, 1190px\" \/><br \/>\n<\/br><br \/>\n<strong>Titel:<\/strong> Cross-Organizational Assessment and Development of Intellectual Capital (CADIC Toolbox)<br \/>\n<strong>Project Coordinator:<\/strong> Conf\u00e9d\u00e9ration Europ\u00e9enne des Associations de Petites et Moyennes Entreprises (CEA-PME)<\/p>\n<p style=\"text-align: justify;\">The project \u201cCross-organisational Assessment and Development of Intellectual Capital \u2013 CADIC\u201d has been initiated to enable and shape daily cluster work. The toolbox supports the daily business of networks and cooperations, such as trust between members, commitment and motivation, a shared vision and common understanding of the cluster goals, the ability to learn and change etc. are crucial success factors that provide the basis for successful inter-firm collaboration.<\/p>\n<p style=\"text-align: justify;\">CADIC starts from the single companies rather than a cluster management level (see also CADIC Cluster Facilitation). But the company is not the only level it focuses on. Because collaboration and trust are essentially individual-centred phenomena, CADIC also highlights the relevance of managing this dimension through the whole process of cluster development. CADIC aims to support companies in learning how to collaborate, opening up their mind-sets towards collaborative business actions and finding new business opportunities jointly with others. The CADIC team strongly believes that the key to long-term competitiveness of SME lies more and more in professional inter-firm management abilities and collaboration readiness!<\/p>\n<p>Find more information:<br \/>\n&#8680; <a href=\"http:\/\/www.cadic-guideline.org\" rel=\"noopener\" target=\"_blank\">CADIC GUIDELINE &#038; TOOL BOX<\/a><br \/>\n&#8680; <a href=\"http:\/\/www.cadic-europe.org\/\" rel=\"noopener\" target=\"_blank\">CADIC CONSORTIUM<\/a><\/p>\n","protected":false},"excerpt":{"rendered":"<p>Titel: Cross-Organizational Assessment and Development of Intellectual Capital (CADIC Toolbox) Project Coordinator: Conf\u00e9d\u00e9ration Europ\u00e9enne des Associations de Petites et Moyennes Entreprises (CEA-PME) The project \u201cCross-organisational Assessment and Development of Intellectual Capital \u2013 CADIC\u201d has been initiated to enable and shape&#8230;<\/p>\n","protected":false},"author":1,"featured_media":0,"parent":662,"menu_order":0,"comment_status":"closed","ping_status":"closed","template":"","meta":{"footnotes":"","_links_to":"","_links_to_target":""},"coauthors":[2],"class_list":["post-924","page","type-page","status-publish","hentry"],"_links":{"self":[{"href":"https:\/\/innovationssysteme.fraunhofer.de\/index.php\/wp-json\/wp\/v2\/pages\/924","targetHints":{"allow":["GET"]}}],"collection":[{"href":"https:\/\/innovationssysteme.fraunhofer.de\/index.php\/wp-json\/wp\/v2\/pages"}],"about":[{"href":"https:\/\/innovationssysteme.fraunhofer.de\/index.php\/wp-json\/wp\/v2\/types\/page"}],"author":[{"embeddable":true,"href":"https:\/\/innovationssysteme.fraunhofer.de\/index.php\/wp-json\/wp\/v2\/users\/1"}],"replies":[{"embeddable":true,"href":"https:\/\/innovationssysteme.fraunhofer.de\/index.php\/wp-json\/wp\/v2\/comments?post=924"}],"version-history":[{"count":5,"href":"https:\/\/innovationssysteme.fraunhofer.de\/index.php\/wp-json\/wp\/v2\/pages\/924\/revisions"}],"predecessor-version":[{"id":939,"href":"https:\/\/innovationssysteme.fraunhofer.de\/index.php\/wp-json\/wp\/v2\/pages\/924\/revisions\/939"}],"up":[{"embeddable":true,"href":"https:\/\/innovationssysteme.fraunhofer.de\/index.php\/wp-json\/wp\/v2\/pages\/662"}],"wp:attachment":[{"href":"https:\/\/innovationssysteme.fraunhofer.de\/index.php\/wp-json\/wp\/v2\/media?parent=924"}],"wp:term":[{"taxonomy":"author","embeddable":true,"href":"https:\/\/innovationssysteme.fraunhofer.de\/index.php\/wp-json\/wp\/v2\/coauthors?post=924"}],"curies":[{"name":"wp","href":"https:\/\/api.w.org\/{rel}","templated":true}]}}