{"id":917,"date":"2018-07-24T11:53:49","date_gmt":"2018-07-24T09:53:49","guid":{"rendered":"https:\/\/websites.fraunhofer.de\/innovationssysteme\/?page_id=917"},"modified":"2018-07-25T14:14:11","modified_gmt":"2018-07-25T12:14:11","slug":"cross-organizational-assessment-and-development-of-intellectual-capital-cadic-toolbox","status":"publish","type":"page","link":"https:\/\/innovationssysteme.fraunhofer.de\/index.php\/de\/referenzen\/cross-organizational-assessment-and-development-of-intellectual-capital-cadic-toolbox\/","title":{"rendered":"Cross-Organizational Assessment and Development of Intellectual Capital (CADIC)"},"content":{"rendered":"<p><img loading=\"lazy\" decoding=\"async\" class=\"alignnone size-full wp-image-919\" src=\"https:\/\/innovationssysteme.fraunhofer.de\/wp-content\/uploads\/2018\/07\/Cardic_lila.png\" alt=\"\" width=\"1190\" height=\"276\" srcset=\"https:\/\/innovationssysteme.fraunhofer.de\/wp-content\/uploads\/2018\/07\/Cardic_lila.png 1190w, https:\/\/innovationssysteme.fraunhofer.de\/wp-content\/uploads\/2018\/07\/Cardic_lila-300x70.png 300w, https:\/\/innovationssysteme.fraunhofer.de\/wp-content\/uploads\/2018\/07\/Cardic_lila-768x178.png 768w, https:\/\/innovationssysteme.fraunhofer.de\/wp-content\/uploads\/2018\/07\/Cardic_lila-1024x237.png 1024w\" sizes=\"auto, (max-width: 1190px) 100vw, 1190px\" \/><br \/>\n<\/br><br \/>\n<strong>Titel:<\/strong> Cross-Organizational Assessment and Development of Intellectual Capital (CADIC Toolbox)<br \/>\n<strong>Project Coordinator:<\/strong> Conf\u00e9d\u00e9ration Europ\u00e9enne des Associations de Petites et Moyennes Entreprises (CEA-PME)<\/p>\n<p style=\"text-align: justify;\">Cross-Organizational Assessment and Development of Intellectual Capital (CADIC) unterst\u00fctzt europ\u00e4ische Unternehmen auf individueller Ebene bei der Entwicklung von Clustern und Innovationsnetzwerken. Dabei steht vor allem Beziehungsmanagement als zentraler Erfolgsfaktor des Netzwerks bzw. Clusters im Mittelpunkt der Betrachtung, also Aspekte, wie Vertrauen, Motivation, Commitment, Definition einer geteilten Vision und Mission, Verst\u00e4ndnis der Clusterziele sowie Wissens- und Changemanagement. CADIC setzt bei den einzelnen Unternehmen direkt an statt auf Cluster-Management-Ebene. Dazu bietet CADIC eine umfangreiche Toolbox, um Unternehmen individuell beraten zu k\u00f6nnen.<\/p>\n<p>Weitere Informationen finden Sie unter:<br \/>\n&#8680; <a href=\"http:\/\/www.cadic-guideline.org\" rel=\"noopener\" target=\"_blank\">CADIC GUIDELINE &#038; TOOL BOX<\/a><br \/>\n&#8680; <a href=\"http:\/\/www.cadic-europe.org\/\" rel=\"noopener\" target=\"_blank\">CADIC KONSORTIUM<\/a><\/p>\n","protected":false},"excerpt":{"rendered":"<p>Titel: Cross-Organizational Assessment and Development of Intellectual Capital (CADIC Toolbox) Project Coordinator: Conf\u00e9d\u00e9ration Europ\u00e9enne des Associations de Petites et Moyennes Entreprises (CEA-PME) Cross-Organizational Assessment and Development of Intellectual Capital (CADIC) unterst\u00fctzt europ\u00e4ische Unternehmen auf individueller Ebene bei der Entwicklung von&#8230;<\/p>\n","protected":false},"author":1,"featured_media":0,"parent":30,"menu_order":0,"comment_status":"closed","ping_status":"closed","template":"","meta":{"footnotes":"","_links_to":"","_links_to_target":""},"coauthors":[2],"class_list":["post-917","page","type-page","status-publish","hentry"],"_links":{"self":[{"href":"https:\/\/innovationssysteme.fraunhofer.de\/index.php\/wp-json\/wp\/v2\/pages\/917","targetHints":{"allow":["GET"]}}],"collection":[{"href":"https:\/\/innovationssysteme.fraunhofer.de\/index.php\/wp-json\/wp\/v2\/pages"}],"about":[{"href":"https:\/\/innovationssysteme.fraunhofer.de\/index.php\/wp-json\/wp\/v2\/types\/page"}],"author":[{"embeddable":true,"href":"https:\/\/innovationssysteme.fraunhofer.de\/index.php\/wp-json\/wp\/v2\/users\/1"}],"replies":[{"embeddable":true,"href":"https:\/\/innovationssysteme.fraunhofer.de\/index.php\/wp-json\/wp\/v2\/comments?post=917"}],"version-history":[{"count":10,"href":"https:\/\/innovationssysteme.fraunhofer.de\/index.php\/wp-json\/wp\/v2\/pages\/917\/revisions"}],"predecessor-version":[{"id":940,"href":"https:\/\/innovationssysteme.fraunhofer.de\/index.php\/wp-json\/wp\/v2\/pages\/917\/revisions\/940"}],"up":[{"embeddable":true,"href":"https:\/\/innovationssysteme.fraunhofer.de\/index.php\/wp-json\/wp\/v2\/pages\/30"}],"wp:attachment":[{"href":"https:\/\/innovationssysteme.fraunhofer.de\/index.php\/wp-json\/wp\/v2\/media?parent=917"}],"wp:term":[{"taxonomy":"author","embeddable":true,"href":"https:\/\/innovationssysteme.fraunhofer.de\/index.php\/wp-json\/wp\/v2\/coauthors?post=917"}],"curies":[{"name":"wp","href":"https:\/\/api.w.org\/{rel}","templated":true}]}}