{"id":429,"date":"2018-07-11T17:57:02","date_gmt":"2018-07-11T15:57:02","guid":{"rendered":"https:\/\/websites.fraunhofer.de\/innovationssysteme\/?page_id=429"},"modified":"2018-11-22T11:52:27","modified_gmt":"2018-11-22T10:52:27","slug":"operative-planung-und-umsetzung-von-innovationszentren","status":"publish","type":"page","link":"https:\/\/innovationssysteme.fraunhofer.de\/index.php\/de\/leistungsangebot\/operative-planung-und-umsetzung-von-innovationszentren\/","title":{"rendered":"Operative Planung und Umsetzung von Innovationsmechanismen"},"content":{"rendered":"<p><img loading=\"lazy\" decoding=\"async\" class=\"size-full wp-image-456\" src=\"https:\/\/innovationssysteme.fraunhofer.de\/wp-content\/uploads\/2018\/07\/operative_Planung_1400x500.jpg\" alt=\"\" width=\"1400\" height=\"500\" srcset=\"https:\/\/innovationssysteme.fraunhofer.de\/wp-content\/uploads\/2018\/07\/operative_Planung_1400x500.jpg 1400w, https:\/\/innovationssysteme.fraunhofer.de\/wp-content\/uploads\/2018\/07\/operative_Planung_1400x500-300x107.jpg 300w, https:\/\/innovationssysteme.fraunhofer.de\/wp-content\/uploads\/2018\/07\/operative_Planung_1400x500-768x274.jpg 768w, https:\/\/innovationssysteme.fraunhofer.de\/wp-content\/uploads\/2018\/07\/operative_Planung_1400x500-1024x366.jpg 1024w\" sizes=\"auto, (max-width: 1400px) 100vw, 1400px\" \/><\/p>\n<p style=\"text-align: justify;\">Innovationszentren schaffen optimale Bedingungen, um Innovationspartner zusammen zu bringen und gemeinsam neue Ideen zu erarbeiten und umzusetzen. Die richtige Planung und der passende Aufbau abgestimmt auf die jeweilige Umgebung solcher Innovationszentren ist grundlegend f\u00fcr den Erfolg des Zenters als auch f\u00fcr die Innovationteams, die hier arbeiten.<\/p>\n<p style=\"text-align: justify;\">Das breite Netzwerk und die langj\u00e4hrige Erfahrung von Fraunhofer und dem CCIS liefern wertvolles Know-how f\u00fcr die Planung und Umsetzung neuer Innovationszentren.<\/p>\n<hr>\n<p style=\"text-align: justify;\"><strong>Ziel: <\/strong>Bereitstellen des n\u00f6tigen Wissens, um ein Innovationszentrum aufzubauen.<\/p>\n<p style=\"text-align: justify;\"><strong>Vorgehen: <\/strong>Workshops mit Technologieexperten aus dem Fraunhofernetzwerk oder ausgesuchten Universit\u00e4ten:<\/p>\n<ul>\n<li style=\"text-align: left;\">Anforderungen an Infrastruktur und Equipment<\/li>\n<li style=\"text-align: left;\">Ableitung von Personalbedarf<\/li>\n<li style=\"text-align: left;\">Aufbau von HR-Konzepten zur strukturierten F\u00f6rderung von Mitarbeitern<\/li>\n<li style=\"text-align: left;\">Durchf\u00fchrung von Trainings in bestimmten Themen<\/li>\n<\/ul>\n<p><img loading=\"lazy\" decoding=\"async\" class=\"alignnone size-full wp-image-457\" src=\"https:\/\/innovationssysteme.fraunhofer.de\/wp-content\/uploads\/2018\/07\/operative_Planung.png\" alt=\"\" width=\"1867\" height=\"989\" srcset=\"https:\/\/innovationssysteme.fraunhofer.de\/wp-content\/uploads\/2018\/07\/operative_Planung.png 1867w, https:\/\/innovationssysteme.fraunhofer.de\/wp-content\/uploads\/2018\/07\/operative_Planung-300x159.png 300w, https:\/\/innovationssysteme.fraunhofer.de\/wp-content\/uploads\/2018\/07\/operative_Planung-768x407.png 768w, https:\/\/innovationssysteme.fraunhofer.de\/wp-content\/uploads\/2018\/07\/operative_Planung-1024x542.png 1024w\" sizes=\"auto, (max-width: 1867px) 100vw, 1867px\" \/><\/p>\n<hr>\n<p style=\"text-align: justify;\">Referenzen und Projekte:<br \/>\n\u21e8 <a href=\"https:\/\/innovationssysteme.fraunhofer.de\/index.php\/de\/referenzen\/chinesisch-deutsches-forschungsinstitut-fuer-intelligente-fertigungssysteme\/\">Chinesisch-deutsches Forschungsinstitut f\u00fcr intelligente Fertigungssysteme<\/a><br \/>\n\u21e8 <a href=\"https:\/\/innovationssysteme.fraunhofer.de\/index.php\/de\/referenzen\/europaeisches-exzellenz-forschungs-und-innovationszentrum-in-china\/\">Europ\u00e4isches Exzellenz-Forschungs- und Innovationszentrum in China<\/a><br \/>\n\u21e8 <a href=\"https:\/\/innovationssysteme.fraunhofer.de\/index.php\/de\/referenzen\/zentrum-fuer-europaeisch-brasilianische-geschaefts-und-innovationskooperation\/\">Zentrum f\u00fcr europ\u00e4isch-brasilianische Gesch\u00e4fts- und Innovationskooperation<\/a><br \/>\n\u21e8 <a href=\"https:\/\/innovationssysteme.fraunhofer.de\/index.php\/de\/referenzen\/strategische-planung-in-brasilien\/\">Strategische Planung in Brasilien<\/a><\/p>\n","protected":false},"excerpt":{"rendered":"<p>Innovationszentren schaffen optimale Bedingungen, um Innovationspartner zusammen zu bringen und gemeinsam neue Ideen zu erarbeiten und umzusetzen. Die richtige Planung und der passende Aufbau abgestimmt auf die jeweilige Umgebung solcher Innovationszentren ist grundlegend f\u00fcr den Erfolg des Zenters als auch&#8230;<\/p>\n","protected":false},"author":1,"featured_media":0,"parent":22,"menu_order":0,"comment_status":"closed","ping_status":"closed","template":"","meta":{"footnotes":"","_links_to":"","_links_to_target":""},"coauthors":[2],"class_list":["post-429","page","type-page","status-publish","hentry"],"_links":{"self":[{"href":"https:\/\/innovationssysteme.fraunhofer.de\/index.php\/wp-json\/wp\/v2\/pages\/429","targetHints":{"allow":["GET"]}}],"collection":[{"href":"https:\/\/innovationssysteme.fraunhofer.de\/index.php\/wp-json\/wp\/v2\/pages"}],"about":[{"href":"https:\/\/innovationssysteme.fraunhofer.de\/index.php\/wp-json\/wp\/v2\/types\/page"}],"author":[{"embeddable":true,"href":"https:\/\/innovationssysteme.fraunhofer.de\/index.php\/wp-json\/wp\/v2\/users\/1"}],"replies":[{"embeddable":true,"href":"https:\/\/innovationssysteme.fraunhofer.de\/index.php\/wp-json\/wp\/v2\/comments?post=429"}],"version-history":[{"count":15,"href":"https:\/\/innovationssysteme.fraunhofer.de\/index.php\/wp-json\/wp\/v2\/pages\/429\/revisions"}],"predecessor-version":[{"id":1048,"href":"https:\/\/innovationssysteme.fraunhofer.de\/index.php\/wp-json\/wp\/v2\/pages\/429\/revisions\/1048"}],"up":[{"embeddable":true,"href":"https:\/\/innovationssysteme.fraunhofer.de\/index.php\/wp-json\/wp\/v2\/pages\/22"}],"wp:attachment":[{"href":"https:\/\/innovationssysteme.fraunhofer.de\/index.php\/wp-json\/wp\/v2\/media?parent=429"}],"wp:term":[{"taxonomy":"author","embeddable":true,"href":"https:\/\/innovationssysteme.fraunhofer.de\/index.php\/wp-json\/wp\/v2\/coauthors?post=429"}],"curies":[{"name":"wp","href":"https:\/\/api.w.org\/{rel}","templated":true}]}}