{"id":417,"date":"2018-07-11T17:54:27","date_gmt":"2018-07-11T15:54:27","guid":{"rendered":"https:\/\/websites.fraunhofer.de\/innovationssysteme\/?page_id=417"},"modified":"2018-11-22T11:47:50","modified_gmt":"2018-11-22T10:47:50","slug":"markt-und-technologieanalyse","status":"publish","type":"page","link":"https:\/\/innovationssysteme.fraunhofer.de\/index.php\/de\/leistungsangebot\/markt-und-technologieanalyse\/","title":{"rendered":"Markt- und Technologieanalyse"},"content":{"rendered":"<p><img loading=\"lazy\" decoding=\"async\" src=\"https:\/\/innovationssysteme.fraunhofer.de\/wp-content\/uploads\/2018\/07\/Markt_Technologie_Analyse_1400x500.jpg\" alt=\"\" width=\"1400\" height=\"500\" class=\"size-full wp-image-471\" srcset=\"https:\/\/innovationssysteme.fraunhofer.de\/wp-content\/uploads\/2018\/07\/Markt_Technologie_Analyse_1400x500.jpg 1400w, https:\/\/innovationssysteme.fraunhofer.de\/wp-content\/uploads\/2018\/07\/Markt_Technologie_Analyse_1400x500-300x107.jpg 300w, https:\/\/innovationssysteme.fraunhofer.de\/wp-content\/uploads\/2018\/07\/Markt_Technologie_Analyse_1400x500-768x274.jpg 768w, https:\/\/innovationssysteme.fraunhofer.de\/wp-content\/uploads\/2018\/07\/Markt_Technologie_Analyse_1400x500-1024x366.jpg 1024w\" sizes=\"auto, (max-width: 1400px) 100vw, 1400px\" \/><\/p>\n<p style=\"text-align: justify;\">Ein entscheidender Punkt f\u00fcr die Aktivierung nationaler und \/ oder regionaler Innovationspotenziale ist ein umfangreiches Verst\u00e4ndnis f\u00fcr den vorherrschenden Markt und bereits existierende Technologien. Welche vielversprechenden Technologien sind in der Region vorhanden, k\u00f6nnen weiterentwickelt oder miteinander verkn\u00fcpft werden? Welche Technologien sind im Markt gefragt und konkurrenzf\u00e4hig?<\/p>\n<p style=\"text-align: justify;\">Mit Hilfe von Experten, Recherche, Benchmarking und Workshops sollen neue vielversprechende Technologien f\u00fcr Organisationen und \/ oder Regionen erarbeitet und weitere Handlungsempfehlungen abgeleitet werden.<\/p>\n<hr>\n<p style=\"text-align: justify;\"><b>Ziel<\/b>: Ziel ist es gemeinsam Markt- und Bedarfsanlaysen zu erarbeiten sowie zuk\u00fcnftig ben\u00f6tigte Technologien abzuleiten.<\/p>\n<p style=\"text-align: justify;\"><b>Vorgehen<\/b><b>: <\/b>Recherche und Workshops mit Experten<\/p>\n<ul>\n<li style=\"text-align: left;\">Kenntnisse \u00fcber M\u00e4rkte hinsichtlich Gr\u00f6\u00dfe und Trends<\/li>\n<li style=\"text-align: left;\">Ableitung ben\u00f6tigter Technologien, um M\u00e4rkte bedienen zu k\u00f6nnen<\/li>\n<\/ul>\n<p><img loading=\"lazy\" decoding=\"async\" class=\"alignnone size-full wp-image-450\" src=\"https:\/\/innovationssysteme.fraunhofer.de\/wp-content\/uploads\/2018\/07\/1_Sol_Markt-Technoanalyse_Selection-Approach-Key-Market-Segments.jpg\" alt=\"\" width=\"1348\" height=\"734\" srcset=\"https:\/\/innovationssysteme.fraunhofer.de\/wp-content\/uploads\/2018\/07\/1_Sol_Markt-Technoanalyse_Selection-Approach-Key-Market-Segments.jpg 1348w, https:\/\/innovationssysteme.fraunhofer.de\/wp-content\/uploads\/2018\/07\/1_Sol_Markt-Technoanalyse_Selection-Approach-Key-Market-Segments-300x163.jpg 300w, https:\/\/innovationssysteme.fraunhofer.de\/wp-content\/uploads\/2018\/07\/1_Sol_Markt-Technoanalyse_Selection-Approach-Key-Market-Segments-768x418.jpg 768w, https:\/\/innovationssysteme.fraunhofer.de\/wp-content\/uploads\/2018\/07\/1_Sol_Markt-Technoanalyse_Selection-Approach-Key-Market-Segments-1024x558.jpg 1024w\" sizes=\"auto, (max-width: 1348px) 100vw, 1348px\" \/><\/p>\n<hr>\n<p style=\"text-align: justify;\">Referenzen und Projekte:<br \/>\n\u21e8 <a href=\"https:\/\/innovationssysteme.fraunhofer.de\/index.php\/de\/referenzen\/chinesisch-deutsches-forschungsinstitut-fuer-intelligente-fertigungssysteme\/\">Chinesisch-deutsches Forschungsinstitut f\u00fcr intelligente Fertigungssysteme (SGIMRI)<\/a><br \/>\n\u21e8 <a href=\"https:\/\/innovationssysteme.fraunhofer.de\/index.php\/de\/referenzen\/strategische-planung-in-brasilien\/\">Strategische Planung in Brasilien &#8211; SENAI<\/a><\/p>\n","protected":false},"excerpt":{"rendered":"<p>Ein entscheidender Punkt f\u00fcr die Aktivierung nationaler und \/ oder regionaler Innovationspotenziale ist ein umfangreiches Verst\u00e4ndnis f\u00fcr den vorherrschenden Markt und bereits existierende Technologien. Welche vielversprechenden Technologien sind in der Region vorhanden, k\u00f6nnen weiterentwickelt oder miteinander verkn\u00fcpft werden? Welche Technologien&#8230;<\/p>\n","protected":false},"author":1,"featured_media":0,"parent":22,"menu_order":0,"comment_status":"closed","ping_status":"closed","template":"","meta":{"footnotes":"","_links_to":"","_links_to_target":""},"coauthors":[2],"class_list":["post-417","page","type-page","status-publish","hentry"],"_links":{"self":[{"href":"https:\/\/innovationssysteme.fraunhofer.de\/index.php\/wp-json\/wp\/v2\/pages\/417","targetHints":{"allow":["GET"]}}],"collection":[{"href":"https:\/\/innovationssysteme.fraunhofer.de\/index.php\/wp-json\/wp\/v2\/pages"}],"about":[{"href":"https:\/\/innovationssysteme.fraunhofer.de\/index.php\/wp-json\/wp\/v2\/types\/page"}],"author":[{"embeddable":true,"href":"https:\/\/innovationssysteme.fraunhofer.de\/index.php\/wp-json\/wp\/v2\/users\/1"}],"replies":[{"embeddable":true,"href":"https:\/\/innovationssysteme.fraunhofer.de\/index.php\/wp-json\/wp\/v2\/comments?post=417"}],"version-history":[{"count":20,"href":"https:\/\/innovationssysteme.fraunhofer.de\/index.php\/wp-json\/wp\/v2\/pages\/417\/revisions"}],"predecessor-version":[{"id":1047,"href":"https:\/\/innovationssysteme.fraunhofer.de\/index.php\/wp-json\/wp\/v2\/pages\/417\/revisions\/1047"}],"up":[{"embeddable":true,"href":"https:\/\/innovationssysteme.fraunhofer.de\/index.php\/wp-json\/wp\/v2\/pages\/22"}],"wp:attachment":[{"href":"https:\/\/innovationssysteme.fraunhofer.de\/index.php\/wp-json\/wp\/v2\/media?parent=417"}],"wp:term":[{"taxonomy":"author","embeddable":true,"href":"https:\/\/innovationssysteme.fraunhofer.de\/index.php\/wp-json\/wp\/v2\/coauthors?post=417"}],"curies":[{"name":"wp","href":"https:\/\/api.w.org\/{rel}","templated":true}]}}