{"id":40,"date":"2018-07-03T11:26:14","date_gmt":"2018-07-03T09:26:14","guid":{"rendered":"https:\/\/websites.fraunhofer.de\/innovationssysteme\/?page_id=40"},"modified":"2018-07-23T15:42:06","modified_gmt":"2018-07-23T13:42:06","slug":"aktuelles","status":"publish","type":"page","link":"https:\/\/innovationssysteme.fraunhofer.de\/index.php\/de\/aktuelles\/","title":{"rendered":"Brazilian-German Innovation Congress"},"content":{"rendered":"<p style=\"text-align: justify;\">Wie kann die Industrie ihre Wettbewerbsf\u00e4higkeit durch die Einf\u00fchrung neuer Technologien und durch innovative L\u00f6sungen steigern? Wie k\u00f6nnen die Barrieren zwischen Wissenschaft und Praxis \u00fcber wunden werden? Was hilft innovativen Unternehmen, zu wachsen und ihren Erfolg zu steigern? Auf dem Brazilian-German Innovation Congress vom 1. bis 3. Dezember 2014 im brasilianischen S\u00e3o Paulo beantworteten hochrangige Vertreter aus Industrie und angewandter Forschung sowie Unternehmer und Innovationsberater aus Brasilien und Deutschland diese Fragen. Ziel der vom Fraunhofer IPK organisierten Veranstaltung war es, die brasilianische Industrie f\u00fcr die Vorteile und die Herausforderungen von erfolgreichen Innovationen durch die Einf\u00fchrung neuer Technologien und Managementkonzepte zu sensibilisieren. Der Kongress brachte daf\u00fcr Experten aus beiden L\u00e4ndern im Bereich der technologischen Entwicklung und des Innovationsmanagements zusammen. In Vortr\u00e4gen, Podiumsdiskussionen und Workshops sowie in praktischen Anwendungen und Best-Practices von deutschen und brasilianischen Unternehmen wurden zwei Hauptthemen behandelt: technologische Innovationen in der brasilianischen Industrie durch die Zusammenarbeit zwischen Unternehmen und FuE-Einrichtungen sowie organisatorische und Gesch\u00e4ftsmodell-Innovationen in Unternehmen durch systematisches Management des \u00bbIntellektuellen Kapitals\u00ab. Der praxisbezogene \u00bbBrazilian-German Innovation Congress\u00ab war Teil der viert\u00e4gigen \u00bbOpen Innovation Week\u00ab, die Anfang Dezember im World Trade Center in S\u00e3o Paulo stattfand. In zahlreichen Veranstaltungen pr\u00e4sentierten mehr als 30 f\u00fchrende Organisationen aus Brasilien und der Welt neueste Methoden und Werkzeuge f\u00fcr kollaborative Innovationsgemeinschaften.<\/p>\n<p style=\"text-align: left;\">\u21e8 <a href=\"https:\/\/innovationssysteme.fraunhofer.de\/wp-content\/uploads\/2018\/07\/BGIC_flyer.pdf\" target=\"_blank\" rel=\"noopener\">Flyer Brazilian German Innovation Congress<\/a><\/p>\n<div style=\"width: 353px; height: 230px; float: left;\"><img loading=\"lazy\" decoding=\"async\" class=\"alignnone size-full wp-image-364\" src=\"https:\/\/innovationssysteme.fraunhofer.de\/wp-content\/uploads\/2018\/07\/Strategische_brasilianisch-deutsche_Kooperation_angewandten_Forschung_um_Innovation.jpg\" alt=\"\" width=\"300\" height=\"225\" \/><\/div>\n<div style=\"width: 345px; height: 230px; float: left;\"><img loading=\"lazy\" decoding=\"async\" class=\"alignnone size-full wp-image-359\" src=\"https:\/\/innovationssysteme.fraunhofer.de\/wp-content\/uploads\/2018\/07\/Delegation_von_Fraunhofer_Repr\u00e4sentanten_in_Brasilien.jpg\" alt=\"\" width=\"300\" height=\"200\" \/><\/div>\n<div style=\"width: 300px; height: 200px; float: left; text-align: justify;\">Prof. Dr.-Ing. Holger Kohl pr\u00e4sentiert seine Rede \u201cStrategische brasilianisch-deutsche Kooperation in der angewandten Forschung um Innovation zu f\u00f6rdern\u201d (Copyright: Jan-Patrick Cap\/Fraunhofer IPK)<\/div>\n<div style=\"width: 53px; height: 200px; float: left; text-align: justify;\"><\/div>\n<div style=\"width: 300px; height: 200px; float: left;text-align: justify;\">Delegation von Fraunhofer Repr\u00e4sentanten in Brasilien (Copyright: Jos\u00e9 Paulo Lacerda\/CNI)<\/div>\n<div style=\"width: 353px; height: 205px; float: left;\"><img loading=\"lazy\" decoding=\"async\" class=\"alignnone size-full wp-image-361\" src=\"https:\/\/innovationssysteme.fraunhofer.de\/wp-content\/uploads\/2018\/07\/Innovation_Grand_Prix.jpg\" alt=\"\" width=\"300\" height=\"200\" \/><\/div>\n<div style=\"width: 345px; height: 205px; float: left;\"><img loading=\"lazy\" decoding=\"async\" class=\"alignnone size-full wp-image-363\" src=\"https:\/\/innovationssysteme.fraunhofer.de\/wp-content\/uploads\/2018\/07\/Rapid_Protoyping_Labor.jpg\" alt=\"\" width=\"300\" height=\"200\" \/><\/div>\n<div style=\"width: 300px; height: 130px; float: left; text-align: justify;\">Eines von sechs Teams bei der Erarbeitung von Ideen beim Innovation Grand Prix (Copyright: Jos\u00e9 Paulo Lacerda\/CNI)<\/div>\n<div style=\"width: 53px; height: 130px; float: left; text-align: justify;\"><\/div>\n<div style=\"width: 300px; height: 130px; float: left;text-align: justify;\">Rapid Protoyping Labor (Copyright: Jos\u00e9 Paulo Lacerda\/CNI)<\/div>\n<div style=\"width: 353px; height: 205px; float: left;\"><img loading=\"lazy\" decoding=\"async\" class=\"alignnone size-full wp-image-365\" src=\"https:\/\/innovationssysteme.fraunhofer.de\/wp-content\/uploads\/2018\/07\/Innovation_Grand-Prix_Teilnehmer.jpg\" alt=\"\" width=\"300\" height=\"200\" \/><\/div>\n<div style=\"width: 345px; height: 205px; float: left;\"><img loading=\"lazy\" decoding=\"async\" class=\"alignnone size-full wp-image-366\" src=\"https:\/\/innovationssysteme.fraunhofer.de\/wp-content\/uploads\/2018\/07\/Innovation_Grand_Prix_Siegesfeier.jpg\" alt=\"\" width=\"300\" height=\"200\" \/><\/div>\n<div style=\"width: 300px; height: 130px; float: left; text-align: justify;\">Teilnehmer des Innovation Grand Prix (Copyright: Jos\u00e9 Paulo Lacerda\/CNI)<\/div>\n<div style=\"width: 53px; height: 130px; float: left; text-align: justify;\"><\/div>\n<div style=\"width: 300px; height: 130px; float: left;text-align: justify;\">Siegesfeier nachdem die Gewinner die Schecks zur Finanzierung der Idee erhalten haben (Copyright: Jos\u00e9 Paulo Lacerda\/CNI)<\/div>\n","protected":false},"excerpt":{"rendered":"<p>Wie kann die Industrie ihre Wettbewerbsf\u00e4higkeit durch die Einf\u00fchrung neuer Technologien und durch innovative L\u00f6sungen steigern? Wie k\u00f6nnen die Barrieren zwischen Wissenschaft und Praxis \u00fcber wunden werden? Was hilft innovativen Unternehmen, zu wachsen und ihren Erfolg zu steigern? Auf dem&#8230;<\/p>\n","protected":false},"author":1,"featured_media":386,"parent":0,"menu_order":0,"comment_status":"closed","ping_status":"closed","template":"","meta":{"footnotes":"","_links_to":"","_links_to_target":""},"coauthors":[2],"class_list":["post-40","page","type-page","status-publish","has-post-thumbnail","hentry"],"_links":{"self":[{"href":"https:\/\/innovationssysteme.fraunhofer.de\/index.php\/wp-json\/wp\/v2\/pages\/40","targetHints":{"allow":["GET"]}}],"collection":[{"href":"https:\/\/innovationssysteme.fraunhofer.de\/index.php\/wp-json\/wp\/v2\/pages"}],"about":[{"href":"https:\/\/innovationssysteme.fraunhofer.de\/index.php\/wp-json\/wp\/v2\/types\/page"}],"author":[{"embeddable":true,"href":"https:\/\/innovationssysteme.fraunhofer.de\/index.php\/wp-json\/wp\/v2\/users\/1"}],"replies":[{"embeddable":true,"href":"https:\/\/innovationssysteme.fraunhofer.de\/index.php\/wp-json\/wp\/v2\/comments?post=40"}],"version-history":[{"count":30,"href":"https:\/\/innovationssysteme.fraunhofer.de\/index.php\/wp-json\/wp\/v2\/pages\/40\/revisions"}],"predecessor-version":[{"id":861,"href":"https:\/\/innovationssysteme.fraunhofer.de\/index.php\/wp-json\/wp\/v2\/pages\/40\/revisions\/861"}],"wp:featuredmedia":[{"embeddable":true,"href":"https:\/\/innovationssysteme.fraunhofer.de\/index.php\/wp-json\/wp\/v2\/media\/386"}],"wp:attachment":[{"href":"https:\/\/innovationssysteme.fraunhofer.de\/index.php\/wp-json\/wp\/v2\/media?parent=40"}],"wp:term":[{"taxonomy":"author","embeddable":true,"href":"https:\/\/innovationssysteme.fraunhofer.de\/index.php\/wp-json\/wp\/v2\/coauthors?post=40"}],"curies":[{"name":"wp","href":"https:\/\/api.w.org\/{rel}","templated":true}]}}