{"id":38,"date":"2018-07-03T11:25:30","date_gmt":"2018-07-03T09:25:30","guid":{"rendered":"https:\/\/websites.fraunhofer.de\/innovationssysteme\/?page_id=38"},"modified":"2018-07-17T09:55:51","modified_gmt":"2018-07-17T07:55:51","slug":"kunden-und-partner","status":"publish","type":"page","link":"https:\/\/innovationssysteme.fraunhofer.de\/index.php\/de\/kunden-und-partner\/","title":{"rendered":"KUNDEN &#038; PARTNER"},"content":{"rendered":"<p style=\"text-align: justify;\">Wer profitiert von den Leistungen des CCIS und nimmt diese in Anspruch?<\/p>\n<p style=\"text-align: justify;\" align=\"justify\">Bei einer Wissensproduktion innerhalb von Innovationssystemen sind viele Akteure und Institutionen beteiligt. Die Verbindungen zwischen den einzelnen Akteuren tragen dabei ma\u00dfgeblich zum Erfolg des Systems in seiner Gesamtheit bei. Wir beraten unsere Kunden auf allen Stufen eines Innovationssystems und verbinden die Interessen miteinander, angefangen vom politischen Entscheidungstr\u00e4ger hin zum einzelnen Forscher an einer Universit\u00e4t.<\/p>\n<p style=\"text-align: left;\">Unsere langj\u00e4hrigen Erfahrungen in der Organisation von Stakeholder-Konsultationen garantiert, dass wir in jedem Projekt die einzigartigen Bed\u00fcrfnisse, Ziele, Verantwortungsbereiche und Rollen der relevanten Innovationsakteure verstehen. Eine starke und gleichberechtigte Partnerschaft mit unseren Kunden ist dabei der Schl\u00fcssel unseres Beratungsansatzes.<\/p>\n<p style=\"text-align: justify;\">Viele Kunden auf allen Entwicklungsstufen haben bereits von unseren Leistungen profitiert:<\/p>\n<ul style=\"text-align: justify;\">\n<li>Nationale und Bundesregierungen, verantwortlich f\u00fcr mittel- und langfristige Innovations-, Wirtschafts- und Technikstrategien und -richtlinien<\/li>\n<li>Mittlerorganisationen und -agenturen auf nationaler und regionaler Ebene, verantwortlich f\u00fcr die Implementierung von Forschungs- und Entwicklungsrichtlinien, die Entwicklung von Standards, Regulationen und Anreizsystemen sowie f\u00fcr die Evaluation der Performance des Wissenschafts- und Technologiesektors<\/li>\n<li>Mittlerorganisationen und -agenturen, verantwortlich f\u00fcr die Erstellung von Infrastrukturen um das Unternehmertum zu unterst\u00fctzen sowie um Cluster und Unternehmensnetzwerke zu f\u00f6rdern<\/li>\n<li>Wissensvermittler, verantwortlich f\u00fcr Wissenstransfer und Kooperationen zwischen Industrie, Universit\u00e4ten und Forschungsinstituten<\/li>\n<li>Individuelle angewandte Forschungsinstitute, Universit\u00e4ten und weitere Forschungsorganisationen<\/li>\n<\/ul>\n<p style=\"text-align: justify;\">Der Erfolg des CCIS ist gekoppelt mit dem umfangreichen Fraunhofer-Netzwerk, welches Organisationen und Einzelpersonen sowohl im privaten als auch im \u00f6ffentlichen Sektor einschlie\u00dft.<\/p>\n<p style=\"text-align: justify;\">Wir pflegen Partnerschaften mit Regierungen, Unternehmensberatungen, Hochschulen und innovativen Unternehmen sowohl innerhalb Deutschlands als auch international.<\/p>\n","protected":false},"excerpt":{"rendered":"<p>Wer profitiert von den Leistungen des CCIS und nimmt diese in Anspruch? Bei einer Wissensproduktion innerhalb von Innovationssystemen sind viele Akteure und Institutionen beteiligt. Die Verbindungen zwischen den einzelnen Akteuren tragen dabei ma\u00dfgeblich zum Erfolg des Systems in seiner Gesamtheit&#8230;<\/p>\n","protected":false},"author":1,"featured_media":208,"parent":0,"menu_order":0,"comment_status":"closed","ping_status":"closed","template":"","meta":{"footnotes":"","_links_to":"","_links_to_target":""},"coauthors":[2],"class_list":["post-38","page","type-page","status-publish","has-post-thumbnail","hentry"],"_links":{"self":[{"href":"https:\/\/innovationssysteme.fraunhofer.de\/index.php\/wp-json\/wp\/v2\/pages\/38","targetHints":{"allow":["GET"]}}],"collection":[{"href":"https:\/\/innovationssysteme.fraunhofer.de\/index.php\/wp-json\/wp\/v2\/pages"}],"about":[{"href":"https:\/\/innovationssysteme.fraunhofer.de\/index.php\/wp-json\/wp\/v2\/types\/page"}],"author":[{"embeddable":true,"href":"https:\/\/innovationssysteme.fraunhofer.de\/index.php\/wp-json\/wp\/v2\/users\/1"}],"replies":[{"embeddable":true,"href":"https:\/\/innovationssysteme.fraunhofer.de\/index.php\/wp-json\/wp\/v2\/comments?post=38"}],"version-history":[{"count":12,"href":"https:\/\/innovationssysteme.fraunhofer.de\/index.php\/wp-json\/wp\/v2\/pages\/38\/revisions"}],"predecessor-version":[{"id":192,"href":"https:\/\/innovationssysteme.fraunhofer.de\/index.php\/wp-json\/wp\/v2\/pages\/38\/revisions\/192"}],"wp:featuredmedia":[{"embeddable":true,"href":"https:\/\/innovationssysteme.fraunhofer.de\/index.php\/wp-json\/wp\/v2\/media\/208"}],"wp:attachment":[{"href":"https:\/\/innovationssysteme.fraunhofer.de\/index.php\/wp-json\/wp\/v2\/media?parent=38"}],"wp:term":[{"taxonomy":"author","embeddable":true,"href":"https:\/\/innovationssysteme.fraunhofer.de\/index.php\/wp-json\/wp\/v2\/coauthors?post=38"}],"curies":[{"name":"wp","href":"https:\/\/api.w.org\/{rel}","templated":true}]}}