{"id":30,"date":"2018-07-03T11:23:59","date_gmt":"2018-07-03T09:23:59","guid":{"rendered":"https:\/\/websites.fraunhofer.de\/innovationssysteme\/?page_id=30"},"modified":"2018-10-31T11:37:33","modified_gmt":"2018-10-31T10:37:33","slug":"referenzen","status":"publish","type":"page","link":"https:\/\/innovationssysteme.fraunhofer.de\/index.php\/de\/referenzen\/","title":{"rendered":"REFERENZEN"},"content":{"rendered":"<p style=\"text-align: justify;\">Das CCIS arbeitet international und unterst\u00fctzt Partner in Europa, Asien und Zentralamerika bei ihrer Anpassung an ein wissensbasiertes Wirtschaftssystem. In der Liste finden Sie ausgew\u00e4hlte Referenzprojekte der letzten Jahre. Klicken Sie auf die Links, um weitere Informationen \u00fcber die jeweiligen Projekte zu erhalten.<\/p>\n<p style=\"text-align: justify;\"><strong>Analyse und Strategieberatung zu Forschungslandschaften<\/strong><br \/>\n\u21e8 <a href=\"https:\/\/innovationssysteme.fraunhofer.de\/index.php\/de\/referenzen\/fe-politik-in-aegypten\/\" target=\"_blank\" rel=\"noopener\">Innovationsf\u00f6rderliche Wissenschaftspolitik: Analyse und Gestaltungsma\u00dfnahmen f\u00fcr die \u00e4gyptische Forschungslandschaft<\/a><br \/>\n\u21e8 <a href=\"https:\/\/innovationssysteme.fraunhofer.de\/index.php\/de\/referenzen\/wirtschaftsplan-fuer-dubai\/\" target=\"_blank\" rel=\"noopener\">Entwicklung eines mittelfristigen Wirtschaftsplans (2011-2015) f\u00fcr Dubai<\/a><br \/>\n\u21e8 <a href=\"https:\/\/innovationssysteme.fraunhofer.de\/index.php\/de\/referenzen\/evaluation-des-wissenschafts-und-technik-systems-in-vietnam\/\" target=\"_blank\" rel=\"noopener\">Bewertung des Wissenschafts- und Technologie-Systems in Vietnam (VISION)<\/a><br \/>\n\u21e8 <a href=\"https:\/\/innovationssysteme.fraunhofer.de\/index.php\/de\/referenzen\/staerkung-des-nationalen-innovationssystems-in-indonesien\/\" target=\"_blank\" rel=\"noopener\">Evaluierung der indonesischen Wissenschafts-, Forschungs- und Technologielandschaft zur St\u00e4rkung des Nationalen Innovationssystems (PERISKOP)<\/a><\/p>\n<p style=\"text-align: justify;\"><strong>Markt- und Technologieanalyse:<\/strong><br \/>\n\u21e8\u00a0<a href=\"https:\/\/innovationssysteme.fraunhofer.de\/index.php\/de\/referenzen\/chinesisch-deutsches-forschungsinstitut-fuer-intelligente-fertigungssysteme\/\" target=\"_blank\" rel=\"noopener\">Chinesisch-deutsches Forschungsinstitut f\u00fcr intelligente Fertigungssysteme<\/a><br \/>\n\u21e8 <a href=\"https:\/\/innovationssysteme.fraunhofer.de\/index.php\/de\/referenzen\/strategische-planung-in-brasilien\/\" target=\"_blank\" rel=\"noopener\">Strategische Planung in Brasilien<\/a><br \/>\n\u21e8 <a href=\"https:\/\/innovationssysteme.fraunhofer.de\/index.php\/de\/referenzen\/innovation-benchmarking-fuer-ciser-befestigungssysteme-brasilien\/\" target=\"_blank\" rel=\"noopener\">Innovation Benchmarking f\u00fcr CISER \u2013 Befestigungssysteme (Brasilien)<\/a>\n<\/p>\n<p style=\"text-align: justify;\"><strong>Strategische Planung von Innovationsmechanismen:<\/strong><br \/>\n\u21e8 <a href=\"https:\/\/innovationssysteme.fraunhofer.de\/index.php\/de\/referenzen\/strategische-planung-in-brasilien\/\" target=\"_blank\" rel=\"noopener\">Strategische Planung von angewandter Forschung in Brasilien (SENAI)<\/a><br \/>\n\u21e8 <a href=\"https:\/\/innovationssysteme.fraunhofer.de\/index.php\/de\/referenzen\/institut-fuer-technologie-in-dubai\/\" target=\"_blank\" rel=\"noopener\">Entwicklung und Umsetzung eines Business-Plans f\u00fcr das Dubai Institute of Technology (DIT) als regionaler Kernpunkt f\u00fcr die Durchf\u00fchrung von FuE in ausgew\u00e4hlten Forschungsfeldern<\/a><br \/>\n\u21e8 <a href=\"https:\/\/innovationssysteme.fraunhofer.de\/index.php\/de\/referenzen\/regionale-fe-netzwerke-in-indonesien\/\" target=\"_blank\" rel=\"noopener\">Gr\u00fcndung bedarfsorientierter regionaler FuE-Netzwerke in Indonesien<\/a><\/p>\n<p style=\"text-align: justify;\">\n<strong>Operative Planung und Umsetzung von Innovationsmechanismen:<\/strong><br \/>\n\u21e8 <a href=\"https:\/\/innovationssysteme.fraunhofer.de\/index.php\/de\/referenzen\/chinesisch-deutsches-forschungsinstitut-fuer-intelligente-fertigungssysteme\/\">Chinesisch-deutsches Forschungsinstitut f\u00fcr intelligente Fertigungssysteme<\/a><br \/>\n\u21e8 <a href=\"https:\/\/innovationssysteme.fraunhofer.de\/index.php\/de\/referenzen\/europaeisches-exzellenz-forschungs-und-innovationszentrum-in-china\/\" target=\"_blank\" rel=\"noopener\">Europ\u00e4isches Exzellenz-Forschungs- und Innovationszentrum in China<\/a><br \/>\n\u21e8 <a href=\"https:\/\/innovationssysteme.fraunhofer.de\/index.php\/de\/referenzen\/zentrum-fuer-europaeisch-brasilianische-geschaefts-und-innovationskooperation\/\" target=\"_blank\" rel=\"noopener\">Zentrum f\u00fcr europ\u00e4isch-brasilianische Gesch\u00e4fts- und Innovationskooperation<\/a><br \/>\n\u21e8 <a href=\"https:\/\/innovationssysteme.fraunhofer.de\/index.php\/de\/referenzen\/strategische-planung-in-brasilien\/\" target=\"_blank\" rel=\"noopener\">Strategische Planung in Brasilien<\/a><\/p>\n<p style=\"text-align: justify;\"><strong>Aufbau von Management &amp; Kollaborationsmechanismen:<\/strong><br \/>\n\u21e8 <a href=\"https:\/\/innovationssysteme.fraunhofer.de\/index.php\/de\/referenzen\/strategische-planung-in-brasilien\/\" rel=\"noopener\" target=\"_blank\">Strategische Planung in Brasilien<\/a><br \/>\n\u21e8 <a href=\"https:\/\/innovationssysteme.fraunhofer.de\/index.php\/de\/referenzen\/cross-organizational-assessment-and-development-of-intellectual-capital-cadic-toolbox\/\">Cross-Organizational Assessment and Development of Intellectual Capital (CADIC)<\/a>\n<\/p>\n<p style=\"text-align: justify;\"><strong>Evaluations- und Monitoring von Innovationsmechanismen und nationalen Innovationsystemen:<\/strong><br \/>\n\u21e8 <a href=\"https:\/\/innovationssysteme.fraunhofer.de\/index.php\/de\/referenzen\/forschungsevaluation-in-vietnam\/\" target=\"_blank\" rel=\"noopener\">Kapazit\u00e4tsaufbau von Forschungsevaluationen in Vietnam (EvaCap)<\/a><\/p>\n","protected":false},"excerpt":{"rendered":"<p>Das CCIS arbeitet international und unterst\u00fctzt Partner in Europa, Asien und Zentralamerika bei ihrer Anpassung an ein wissensbasiertes Wirtschaftssystem. In der Liste finden Sie ausgew\u00e4hlte Referenzprojekte der letzten Jahre. Klicken Sie auf die Links, um weitere Informationen \u00fcber die jeweiligen&#8230;<\/p>\n","protected":false},"author":1,"featured_media":468,"parent":0,"menu_order":0,"comment_status":"closed","ping_status":"closed","template":"","meta":{"footnotes":"","_links_to":"","_links_to_target":""},"coauthors":[2],"class_list":["post-30","page","type-page","status-publish","has-post-thumbnail","hentry"],"_links":{"self":[{"href":"https:\/\/innovationssysteme.fraunhofer.de\/index.php\/wp-json\/wp\/v2\/pages\/30","targetHints":{"allow":["GET"]}}],"collection":[{"href":"https:\/\/innovationssysteme.fraunhofer.de\/index.php\/wp-json\/wp\/v2\/pages"}],"about":[{"href":"https:\/\/innovationssysteme.fraunhofer.de\/index.php\/wp-json\/wp\/v2\/types\/page"}],"author":[{"embeddable":true,"href":"https:\/\/innovationssysteme.fraunhofer.de\/index.php\/wp-json\/wp\/v2\/users\/1"}],"replies":[{"embeddable":true,"href":"https:\/\/innovationssysteme.fraunhofer.de\/index.php\/wp-json\/wp\/v2\/comments?post=30"}],"version-history":[{"count":20,"href":"https:\/\/innovationssysteme.fraunhofer.de\/index.php\/wp-json\/wp\/v2\/pages\/30\/revisions"}],"predecessor-version":[{"id":996,"href":"https:\/\/innovationssysteme.fraunhofer.de\/index.php\/wp-json\/wp\/v2\/pages\/30\/revisions\/996"}],"wp:featuredmedia":[{"embeddable":true,"href":"https:\/\/innovationssysteme.fraunhofer.de\/index.php\/wp-json\/wp\/v2\/media\/468"}],"wp:attachment":[{"href":"https:\/\/innovationssysteme.fraunhofer.de\/index.php\/wp-json\/wp\/v2\/media?parent=30"}],"wp:term":[{"taxonomy":"author","embeddable":true,"href":"https:\/\/innovationssysteme.fraunhofer.de\/index.php\/wp-json\/wp\/v2\/coauthors?post=30"}],"curies":[{"name":"wp","href":"https:\/\/api.w.org\/{rel}","templated":true}]}}