{"id":267,"date":"2018-07-09T12:12:56","date_gmt":"2018-07-09T10:12:56","guid":{"rendered":"https:\/\/websites.fraunhofer.de\/innovationssysteme\/?page_id=267"},"modified":"2018-07-23T18:01:10","modified_gmt":"2018-07-23T16:01:10","slug":"staerkung-des-nationalen-innovationssystems-in-indonesien","status":"publish","type":"page","link":"https:\/\/innovationssysteme.fraunhofer.de\/index.php\/de\/referenzen\/staerkung-des-nationalen-innovationssystems-in-indonesien\/","title":{"rendered":"St\u00e4rkung des nationalen Innovationssystems in Indonesien"},"content":{"rendered":"<p><img loading=\"lazy\" decoding=\"async\" class=\"alignnone size-full wp-image-516\" src=\"https:\/\/innovationssysteme.fraunhofer.de\/wp-content\/uploads\/2018\/07\/Indonesien.jpg\" alt=\"\" width=\"579\" height=\"264\" srcset=\"https:\/\/innovationssysteme.fraunhofer.de\/wp-content\/uploads\/2018\/07\/Indonesien.jpg 579w, https:\/\/innovationssysteme.fraunhofer.de\/wp-content\/uploads\/2018\/07\/Indonesien-300x137.jpg 300w\" sizes=\"auto, (max-width: 579px) 100vw, 579px\" \/><\/p>\n<p style=\"text-align: justify;\">\u21e8 <strong>Projekttitel:<\/strong> Evaluierung der indonesischen Wissenschafts-, Forschungs- und Technologielandschaft zur St\u00e4rkung des Nationalen Innovationssystems &#8211; Program Evaluasi Riset Sains Teknologi untuk Pembangunan (PERISKOP)<br \/>\n\u21e8 <strong>Kunde:<\/strong> Ministry for Research and Technology (RISTEK)<br \/>\n\u21e8 <strong>Partner:<\/strong> University of Zurich, Indonesian Agency for the Assessment and Application of Technology (BPPT), Indonesian Institute of Science (LIPI)<\/p>\n<p style=\"text-align: justify;\">\u00c4hnlich wie bei vielen anderen Schwellenl\u00e4ndern sieht Indonesien eine seiner gr\u00f6\u00dften Herausforderungen in der Verbesserung der allgemeinen Lebensbedingungen der Menschen. Dies erfordert, trotz der mangelhaften Infrastruktur und dem vergleichsweise schlechten Investitionsklima in Indonesien, die St\u00e4rkung der lokalen Wirtschaft und deren R\u00fcckgrat: den KMUs.<\/p>\n<p style=\"text-align: justify;\">Gef\u00f6rdert durch das Bundesministerium f\u00fcr Bildung und Forschung (BMBF), hat das Langzeitprojekt PERISKOP von 2000 &#8211; 2004 eine Reihe von Studien durchgef\u00fchrt mit dem Ziel, die Wettbewerbsf\u00e4higkeit der indonesischen Produkte auf internationalen und nationalen M\u00e4rkten zu verbessern. Diese Studien bildeten eine Grundlage f\u00fcr die folgende strategische Innovations- und Technologiepolitik, welche die \u00dcbertragung von FuE-Ergebnissen zwischen Forschungseinrichtungen und KMUs im Land und Entwicklungen in High-End-Unternehmen erleichterten.<\/p>\n<p style=\"text-align: justify;\">Das Team vom Competence Center Innovationsstrukturen und -systeme hat sich dabei vorrangig mit der Frage besch\u00e4ftigt, wie der eingeleitete Dezentralisierungsprozess durch Innovation und Technologie effektiv unterst\u00fctzt und ein effizienter Transfer von Ergebnissen zwischen Forschungseinrichtungen und KMU gew\u00e4hrleistet werden kann. Dabei wurde unter anderem auch die Zusammenarbeit zwischen indonesisch-deutsche Zusammenarbeit von Regierung, Forschungseinrichtungen und Industrie gest\u00e4rkt.<\/p>\n","protected":false},"excerpt":{"rendered":"<p>\u21e8 Projekttitel: Evaluierung der indonesischen Wissenschafts-, Forschungs- und Technologielandschaft zur St\u00e4rkung des Nationalen Innovationssystems &#8211; Program Evaluasi Riset Sains Teknologi untuk Pembangunan (PERISKOP) \u21e8 Kunde: Ministry for Research and Technology (RISTEK) \u21e8 Partner: University of Zurich, Indonesian Agency for the&#8230;<\/p>\n","protected":false},"author":1,"featured_media":0,"parent":30,"menu_order":0,"comment_status":"closed","ping_status":"closed","template":"","meta":{"footnotes":"","_links_to":"","_links_to_target":""},"coauthors":[2],"class_list":["post-267","page","type-page","status-publish","hentry"],"_links":{"self":[{"href":"https:\/\/innovationssysteme.fraunhofer.de\/index.php\/wp-json\/wp\/v2\/pages\/267","targetHints":{"allow":["GET"]}}],"collection":[{"href":"https:\/\/innovationssysteme.fraunhofer.de\/index.php\/wp-json\/wp\/v2\/pages"}],"about":[{"href":"https:\/\/innovationssysteme.fraunhofer.de\/index.php\/wp-json\/wp\/v2\/types\/page"}],"author":[{"embeddable":true,"href":"https:\/\/innovationssysteme.fraunhofer.de\/index.php\/wp-json\/wp\/v2\/users\/1"}],"replies":[{"embeddable":true,"href":"https:\/\/innovationssysteme.fraunhofer.de\/index.php\/wp-json\/wp\/v2\/comments?post=267"}],"version-history":[{"count":5,"href":"https:\/\/innovationssysteme.fraunhofer.de\/index.php\/wp-json\/wp\/v2\/pages\/267\/revisions"}],"predecessor-version":[{"id":906,"href":"https:\/\/innovationssysteme.fraunhofer.de\/index.php\/wp-json\/wp\/v2\/pages\/267\/revisions\/906"}],"up":[{"embeddable":true,"href":"https:\/\/innovationssysteme.fraunhofer.de\/index.php\/wp-json\/wp\/v2\/pages\/30"}],"wp:attachment":[{"href":"https:\/\/innovationssysteme.fraunhofer.de\/index.php\/wp-json\/wp\/v2\/media?parent=267"}],"wp:term":[{"taxonomy":"author","embeddable":true,"href":"https:\/\/innovationssysteme.fraunhofer.de\/index.php\/wp-json\/wp\/v2\/coauthors?post=267"}],"curies":[{"name":"wp","href":"https:\/\/api.w.org\/{rel}","templated":true}]}}