{"id":252,"date":"2018-07-09T11:58:24","date_gmt":"2018-07-09T09:58:24","guid":{"rendered":"https:\/\/websites.fraunhofer.de\/innovationssysteme\/?page_id=252"},"modified":"2018-07-30T14:06:41","modified_gmt":"2018-07-30T12:06:41","slug":"institut-fuer-technologie-in-dubai","status":"publish","type":"page","link":"https:\/\/innovationssysteme.fraunhofer.de\/index.php\/de\/referenzen\/institut-fuer-technologie-in-dubai\/","title":{"rendered":"Institut f\u00fcr Technologie in Dubai"},"content":{"rendered":"<figure id=\"attachment_541\" aria-describedby=\"caption-attachment-541\" style=\"width: 1400px\" class=\"wp-caption alignnone\"><img loading=\"lazy\" decoding=\"async\" class=\"alignnone size-full wp-image-415\" src=\"https:\/\/innovationssysteme.fraunhofer.de\/wp-content\/uploads\/2018\/07\/sharjah_1400x500.jpg\" alt=\"\" width=\"1400\" height=\"500\" srcset=\"https:\/\/innovationssysteme.fraunhofer.de\/wp-content\/uploads\/2018\/07\/sharjah_1400x500.jpg 1400w, https:\/\/innovationssysteme.fraunhofer.de\/wp-content\/uploads\/2018\/07\/sharjah_1400x500-300x107.jpg 300w, https:\/\/innovationssysteme.fraunhofer.de\/wp-content\/uploads\/2018\/07\/sharjah_1400x500-768x274.jpg 768w, https:\/\/innovationssysteme.fraunhofer.de\/wp-content\/uploads\/2018\/07\/sharjah_1400x500-1024x366.jpg 1024w\" sizes=\"auto, (max-width: 1400px) 100vw, 1400px\" \/><figcaption id=\"caption-attachment-541\" class=\"wp-caption-text\">Abbildung: Illustration des geplanten Technologie Parks mit 5 Wissenschaftsinstituten im Center<\/figcaption><\/figure>\n<p style=\"text-align: justify;\">\u21e8 <strong>Projekttitel: <\/strong>Entwicklung und Umsetzung eines Business-Plans f\u00fcr das &#8222;Dubai Institute of Technology (DIT)&#8220; als regionales Zentrum f\u00fcr angewandte Forschung<br \/>\n\u21e8 <strong>Kunde:<\/strong> Dubai TechnoPark<\/p>\n<p style=\"text-align: justify;\">Weltweit erkennen immer mehr Regierungen die wichtige Rolle von regionalen Forschungs- und Entwicklungsnetzwerken, in denen sich Industrie und Forschung als Partner mit \u00e4hnlichen Bed\u00fcrfnissen nach Talent, Technologie und Infrastruktur zusammenfinden.<\/p>\n<p style=\"text-align: justify;\">Um bei der Entwicklung eines Gesch\u00e4ftsplans f\u00fcr das Dubai Institute of Technology (DIT) beratend t\u00e4tig zu sein, engagierte die Regierung Dubais das CCIS-Team zwischen 2008 und 2010. Das DIT stellt den technischen Kern des TechnoParks Dubais dar, der sich zum Ziel gesetzt hat, aussichtsreiche Start-Ups zu unterst\u00fctzen, die Entwicklung von Industrieclustern voranzutreiben und Partnerschaften zwischen akademischen Institutionen und High-Tech Unternehmen sicherzustellen.<\/p>\n<p style=\"text-align: justify;\">Binnen zwei Jahren wurde vom CCIS nicht nur ein vielschichtiger Gesch\u00e4ftsplan entwickelt, sondern auch dessen Umsetzung unterst\u00fctzt. Exzellenz-, IP- und Gr\u00fcnderzentren wurden geschaffen und das Management des Instituts f\u00fcr Technologie Dubais in wichtigen operativen Prozessen verbessert und gesichert.<\/p>\n<p style=\"text-align: justify;\"><a href=\"https:\/\/innovationssysteme.fraunhofer.de\/wp-content\/uploads\/2018\/07\/Project_flyer_Dubai.pdf\" target=\"_blank\" rel=\"noopener\">Flyer &#8211; Business plan for the Dubai TechnoPark<\/a><\/p>\n","protected":false},"excerpt":{"rendered":"<p>\u21e8 Projekttitel: Entwicklung und Umsetzung eines Business-Plans f\u00fcr das &#8222;Dubai Institute of Technology (DIT)&#8220; als regionales Zentrum f\u00fcr angewandte Forschung \u21e8 Kunde: Dubai TechnoPark Weltweit erkennen immer mehr Regierungen die wichtige Rolle von regionalen Forschungs- und Entwicklungsnetzwerken, in denen sich&#8230;<\/p>\n","protected":false},"author":1,"featured_media":0,"parent":30,"menu_order":0,"comment_status":"closed","ping_status":"closed","template":"","meta":{"footnotes":"","_links_to":"","_links_to_target":""},"coauthors":[2],"class_list":["post-252","page","type-page","status-publish","hentry"],"_links":{"self":[{"href":"https:\/\/innovationssysteme.fraunhofer.de\/index.php\/wp-json\/wp\/v2\/pages\/252","targetHints":{"allow":["GET"]}}],"collection":[{"href":"https:\/\/innovationssysteme.fraunhofer.de\/index.php\/wp-json\/wp\/v2\/pages"}],"about":[{"href":"https:\/\/innovationssysteme.fraunhofer.de\/index.php\/wp-json\/wp\/v2\/types\/page"}],"author":[{"embeddable":true,"href":"https:\/\/innovationssysteme.fraunhofer.de\/index.php\/wp-json\/wp\/v2\/users\/1"}],"replies":[{"embeddable":true,"href":"https:\/\/innovationssysteme.fraunhofer.de\/index.php\/wp-json\/wp\/v2\/comments?post=252"}],"version-history":[{"count":11,"href":"https:\/\/innovationssysteme.fraunhofer.de\/index.php\/wp-json\/wp\/v2\/pages\/252\/revisions"}],"predecessor-version":[{"id":948,"href":"https:\/\/innovationssysteme.fraunhofer.de\/index.php\/wp-json\/wp\/v2\/pages\/252\/revisions\/948"}],"up":[{"embeddable":true,"href":"https:\/\/innovationssysteme.fraunhofer.de\/index.php\/wp-json\/wp\/v2\/pages\/30"}],"wp:attachment":[{"href":"https:\/\/innovationssysteme.fraunhofer.de\/index.php\/wp-json\/wp\/v2\/media?parent=252"}],"wp:term":[{"taxonomy":"author","embeddable":true,"href":"https:\/\/innovationssysteme.fraunhofer.de\/index.php\/wp-json\/wp\/v2\/coauthors?post=252"}],"curies":[{"name":"wp","href":"https:\/\/api.w.org\/{rel}","templated":true}]}}