{"id":22,"date":"2018-07-03T10:59:23","date_gmt":"2018-07-03T08:59:23","guid":{"rendered":"https:\/\/websites.fraunhofer.de\/innovationssysteme\/?page_id=22"},"modified":"2018-11-22T11:43:58","modified_gmt":"2018-11-22T10:43:58","slug":"leistungsangebot","status":"publish","type":"page","link":"https:\/\/innovationssysteme.fraunhofer.de\/index.php\/de\/leistungsangebot\/","title":{"rendered":"LEISTUNG"},"content":{"rendered":"<p style=\"text-align: justify;\">Wir unterst\u00fctzen Kunden auf der ganzen Welt dabei die Leistungen sowohl ihrer nationalen, regionalen und sektoralen Innovationsinfrastrukturen als auch ihrer FuE-Einrichtungen zu verbessern.\u00a0Das Grundprinzip unserer Arbeit ist die Umsetzung von fundierter wissenschaftlicher Forschung in pragmatische L\u00f6sungen, die sich an den lokalen Bed\u00fcrfnissen orientieren.\u00a0Unser partizipatorischer und nachfrageorientierter Ansatz gew\u00e4hrleistet die Umsetzung dieses Prinzips und zielt darauf ab, langfristige Partnerschaften mit unseren Kunden aufzubauen.\u00a0Stakeholder-Konsultationen und gemeinsame Pilotprojekte sind ein wesentlicher Teil unserer Arbeit vor Ort, um die Anwendbarkeit sowie die Nachhaltigkeit der in den Projekten entwickelten L\u00f6sungen zu testen und sicherzustellen.<\/p>\n<p style=\"text-align: justify;\"><b>Unser interdisziplin\u00e4res Team<\/b>\u00a0vereint Know-how in der angewandten Forschung, der strategischen Forschungsplanung, des Wissensmanagements, der Organisationsentwicklung sowie der Innovationsberatung.<\/p>\n<p style=\"text-align: justify;\"><b>Unsere Leistungen<\/b>\u00a0reichen von der Politikberatung bis hin zur Einsatzplanung und bauen auf einem systemischen Ansatz von Innovationsmanagement auf: wir ber\u00fccksichtigen die Bed\u00fcrfnisse und die Verbindungen von allen wichtigen Akteuren im Innovationssystem, sowie die Einzigartigkeit jedes Innovationssystems und der entsprechenden kulturellen, sozialen und politischen Bedingungen.<\/p>\n<p style=\"text-align: left;\"><b>Unser\u00a0Leistungsangebot<\/b>\u00a0konzentriert sich auf:<\/p>\n<p><a href=\"https:\/\/innovationssysteme.fraunhofer.de\/index.php\/de\/leistungsangebot\/analyse-von-forschungslandschaften\/\"><img loading=\"lazy\" decoding=\"async\" src=\"https:\/\/innovationssysteme.fraunhofer.de\/wp-content\/uploads\/2018\/10\/Analyse_und_Strategieberatung_zu_Forschungslandschaften_de-300x300.png\" alt=\"\" width=\"300\" height=\"300\" class=\"alignleft size-medium wp-image-950\" srcset=\"https:\/\/innovationssysteme.fraunhofer.de\/wp-content\/uploads\/2018\/10\/Analyse_und_Strategieberatung_zu_Forschungslandschaften_de-300x300.png 300w, https:\/\/innovationssysteme.fraunhofer.de\/wp-content\/uploads\/2018\/10\/Analyse_und_Strategieberatung_zu_Forschungslandschaften_de-150x150.png 150w, https:\/\/innovationssysteme.fraunhofer.de\/wp-content\/uploads\/2018\/10\/Analyse_und_Strategieberatung_zu_Forschungslandschaften_de-768x769.png 768w, https:\/\/innovationssysteme.fraunhofer.de\/wp-content\/uploads\/2018\/10\/Analyse_und_Strategieberatung_zu_Forschungslandschaften_de.png 850w\" sizes=\"auto, (max-width: 300px) 100vw, 300px\" \/><\/a><a href=\"https:\/\/innovationssysteme.fraunhofer.de\/index.php\/de\/leistungsangebot\/markt-und-technologieanalyse\/\"><img loading=\"lazy\" decoding=\"async\" src=\"https:\/\/innovationssysteme.fraunhofer.de\/wp-content\/uploads\/2018\/10\/Markt_und_Technologieanalyse_de-300x300.png\" alt=\"\" width=\"300\" height=\"300\" class=\"alignright size-medium wp-image-956\" srcset=\"https:\/\/innovationssysteme.fraunhofer.de\/wp-content\/uploads\/2018\/10\/Markt_und_Technologieanalyse_de-300x300.png 300w, https:\/\/innovationssysteme.fraunhofer.de\/wp-content\/uploads\/2018\/10\/Markt_und_Technologieanalyse_de-150x150.png 150w, https:\/\/innovationssysteme.fraunhofer.de\/wp-content\/uploads\/2018\/10\/Markt_und_Technologieanalyse_de-768x768.png 768w, https:\/\/innovationssysteme.fraunhofer.de\/wp-content\/uploads\/2018\/10\/Markt_und_Technologieanalyse_de.png 851w\" sizes=\"auto, (max-width: 300px) 100vw, 300px\" \/><\/a><a href=\"https:\/\/innovationssysteme.fraunhofer.de\/index.php\/de\/leistungsangebot\/planung-und-aufbau-von-innovationscentren\/\"><img loading=\"lazy\" decoding=\"async\" src=\"https:\/\/innovationssysteme.fraunhofer.de\/wp-content\/uploads\/2018\/10\/Strategische_Planung_von_Innovationsmechanismen_de-300x300.png\" alt=\"\" width=\"300\" height=\"300\" class=\"alignleft size-medium wp-image-960\" srcset=\"https:\/\/innovationssysteme.fraunhofer.de\/wp-content\/uploads\/2018\/10\/Strategische_Planung_von_Innovationsmechanismen_de-300x300.png 300w, https:\/\/innovationssysteme.fraunhofer.de\/wp-content\/uploads\/2018\/10\/Strategische_Planung_von_Innovationsmechanismen_de-150x150.png 150w, https:\/\/innovationssysteme.fraunhofer.de\/wp-content\/uploads\/2018\/10\/Strategische_Planung_von_Innovationsmechanismen_de-768x769.png 768w, https:\/\/innovationssysteme.fraunhofer.de\/wp-content\/uploads\/2018\/10\/Strategische_Planung_von_Innovationsmechanismen_de.png 850w\" sizes=\"auto, (max-width: 300px) 100vw, 300px\" \/><\/a><a href=\"https:\/\/innovationssysteme.fraunhofer.de\/index.php\/de\/leistungsangebot\/operative-planung-und-umsetzung-von-innovationszentren\/\"><img loading=\"lazy\" decoding=\"async\" src=\"https:\/\/innovationssysteme.fraunhofer.de\/wp-content\/uploads\/2018\/10\/Operative_Planung_und_Umsetzung_von_Innovationsmechanismen_de-300x300.png\" alt=\"\" width=\"300\" height=\"300\" class=\"alignright size-medium wp-image-958\" srcset=\"https:\/\/innovationssysteme.fraunhofer.de\/wp-content\/uploads\/2018\/10\/Operative_Planung_und_Umsetzung_von_Innovationsmechanismen_de-300x300.png 300w, https:\/\/innovationssysteme.fraunhofer.de\/wp-content\/uploads\/2018\/10\/Operative_Planung_und_Umsetzung_von_Innovationsmechanismen_de-150x150.png 150w, https:\/\/innovationssysteme.fraunhofer.de\/wp-content\/uploads\/2018\/10\/Operative_Planung_und_Umsetzung_von_Innovationsmechanismen_de-768x768.png 768w, https:\/\/innovationssysteme.fraunhofer.de\/wp-content\/uploads\/2018\/10\/Operative_Planung_und_Umsetzung_von_Innovationsmechanismen_de.png 851w\" sizes=\"auto, (max-width: 300px) 100vw, 300px\" \/><\/a><a href=\"https:\/\/innovationssysteme.fraunhofer.de\/index.php\/de\/leistungsangebot\/aufbau-von-management-kollaborationsmechanismen\/\"><img loading=\"lazy\" decoding=\"async\" src=\"https:\/\/innovationssysteme.fraunhofer.de\/wp-content\/uploads\/2018\/10\/Aufbau_von_Management_Kollaborationsmechanismen_de-300x300.png\" alt=\"\" width=\"300\" height=\"300\" class=\"alignleft size-medium wp-image-952\" srcset=\"https:\/\/innovationssysteme.fraunhofer.de\/wp-content\/uploads\/2018\/10\/Aufbau_von_Management_Kollaborationsmechanismen_de-300x300.png 300w, https:\/\/innovationssysteme.fraunhofer.de\/wp-content\/uploads\/2018\/10\/Aufbau_von_Management_Kollaborationsmechanismen_de-150x150.png 150w, https:\/\/innovationssysteme.fraunhofer.de\/wp-content\/uploads\/2018\/10\/Aufbau_von_Management_Kollaborationsmechanismen_de-768x768.png 768w, https:\/\/innovationssysteme.fraunhofer.de\/wp-content\/uploads\/2018\/10\/Aufbau_von_Management_Kollaborationsmechanismen_de.png 850w\" sizes=\"auto, (max-width: 300px) 100vw, 300px\" \/><\/a><a href=\"https:\/\/innovationssysteme.fraunhofer.de\/index.php\/de\/leistungsangebot\/evaluations-und-monitoring-systeme\/\"><img loading=\"lazy\" decoding=\"async\" src=\"https:\/\/innovationssysteme.fraunhofer.de\/wp-content\/uploads\/2018\/10\/Evaluations_und_Monitoring_de-300x300.png\" alt=\"\" width=\"300\" height=\"300\" class=\"alignright size-medium wp-image-954\" srcset=\"https:\/\/innovationssysteme.fraunhofer.de\/wp-content\/uploads\/2018\/10\/Evaluations_und_Monitoring_de-300x300.png 300w, https:\/\/innovationssysteme.fraunhofer.de\/wp-content\/uploads\/2018\/10\/Evaluations_und_Monitoring_de-150x150.png 150w, https:\/\/innovationssysteme.fraunhofer.de\/wp-content\/uploads\/2018\/10\/Evaluations_und_Monitoring_de-768x768.png 768w, https:\/\/innovationssysteme.fraunhofer.de\/wp-content\/uploads\/2018\/10\/Evaluations_und_Monitoring_de.png 851w\" sizes=\"auto, (max-width: 300px) 100vw, 300px\" \/><\/a><\/p>\n<div style=\"text-align: justify;\">\n<p><b>Unsere Berater<\/b>\u00a0st\u00fctzen ihre Arbeit auf ein tiefgehendes Verst\u00e4ndnis f\u00fcr den Kontext des jeweiligen Projekts und beachten die speziellen Herausforderungen, Interessen von Stakeholdern und kulturellen Besonderheiten.<\/p>\n<\/div>\n<p style=\"text-align: justify;\"><b><a href=\"https:\/\/innovationssysteme.fraunhofer.de\/index.php\/de\/kunden-und-partner\/\">Unsere\u00a0Kunden<\/a>\u00a0<\/b>sind nationale und regionale Regierungen, Ministerien, Innovationsagenturen, Manager von Industrie-Clustern und Technologieparks, \u00f6ffentliche und private Universit\u00e4ten\u00a0sowie\u00a0Forschungseinrichtungen und Unternehmen weltweit.\u00a0In den letzten 20 Jahren konnten wir unser Know-how gezielt in Entwicklungs-und Schwellenl\u00e4ndern auf der ganzen Welt ausbauen.\u00a0Unsere aktuellen Projekte sind mittel-und langfristig angelegte Projekte in Brasilien, China , Dubai, \u00c4gypten und Vietnam.<\/p>\n","protected":false},"excerpt":{"rendered":"<p>Wir unterst\u00fctzen Kunden auf der ganzen Welt dabei die Leistungen sowohl ihrer nationalen, regionalen und sektoralen Innovationsinfrastrukturen als auch ihrer FuE-Einrichtungen zu verbessern.\u00a0Das Grundprinzip unserer Arbeit ist die Umsetzung von fundierter wissenschaftlicher Forschung in pragmatische L\u00f6sungen, die sich an den&#8230;<\/p>\n","protected":false},"author":1,"featured_media":386,"parent":0,"menu_order":0,"comment_status":"closed","ping_status":"closed","template":"","meta":{"footnotes":"","_links_to":"","_links_to_target":""},"coauthors":[2],"class_list":["post-22","page","type-page","status-publish","has-post-thumbnail","hentry"],"_links":{"self":[{"href":"https:\/\/innovationssysteme.fraunhofer.de\/index.php\/wp-json\/wp\/v2\/pages\/22","targetHints":{"allow":["GET"]}}],"collection":[{"href":"https:\/\/innovationssysteme.fraunhofer.de\/index.php\/wp-json\/wp\/v2\/pages"}],"about":[{"href":"https:\/\/innovationssysteme.fraunhofer.de\/index.php\/wp-json\/wp\/v2\/types\/page"}],"author":[{"embeddable":true,"href":"https:\/\/innovationssysteme.fraunhofer.de\/index.php\/wp-json\/wp\/v2\/users\/1"}],"replies":[{"embeddable":true,"href":"https:\/\/innovationssysteme.fraunhofer.de\/index.php\/wp-json\/wp\/v2\/comments?post=22"}],"version-history":[{"count":25,"href":"https:\/\/innovationssysteme.fraunhofer.de\/index.php\/wp-json\/wp\/v2\/pages\/22\/revisions"}],"predecessor-version":[{"id":1045,"href":"https:\/\/innovationssysteme.fraunhofer.de\/index.php\/wp-json\/wp\/v2\/pages\/22\/revisions\/1045"}],"wp:featuredmedia":[{"embeddable":true,"href":"https:\/\/innovationssysteme.fraunhofer.de\/index.php\/wp-json\/wp\/v2\/media\/386"}],"wp:attachment":[{"href":"https:\/\/innovationssysteme.fraunhofer.de\/index.php\/wp-json\/wp\/v2\/media?parent=22"}],"wp:term":[{"taxonomy":"author","embeddable":true,"href":"https:\/\/innovationssysteme.fraunhofer.de\/index.php\/wp-json\/wp\/v2\/coauthors?post=22"}],"curies":[{"name":"wp","href":"https:\/\/api.w.org\/{rel}","templated":true}]}}