{"id":132,"date":"2018-07-03T16:41:18","date_gmt":"2018-07-03T14:41:18","guid":{"rendered":"https:\/\/websites.fraunhofer.de\/innovationssysteme\/?page_id=132"},"modified":"2018-07-23T17:49:19","modified_gmt":"2018-07-23T15:49:19","slug":"evaluations-und-monitoring-systeme","status":"publish","type":"page","link":"https:\/\/innovationssysteme.fraunhofer.de\/index.php\/de\/leistungsangebot\/evaluations-und-monitoring-systeme\/","title":{"rendered":"Evaluations- und Monitoring von Innovationsmechanismen und nationalen Innovationsystemen"},"content":{"rendered":"<p><img loading=\"lazy\" decoding=\"async\" class=\"size-full wp-image-201\" src=\"https:\/\/innovationssysteme.fraunhofer.de\/wp-content\/uploads\/2018\/07\/Evaluation_1400x500.jpg\" alt=\"\" width=\"1400\" height=\"500\" srcset=\"https:\/\/innovationssysteme.fraunhofer.de\/wp-content\/uploads\/2018\/07\/Evaluation_1400x500.jpg 1400w, https:\/\/innovationssysteme.fraunhofer.de\/wp-content\/uploads\/2018\/07\/Evaluation_1400x500-300x107.jpg 300w, https:\/\/innovationssysteme.fraunhofer.de\/wp-content\/uploads\/2018\/07\/Evaluation_1400x500-768x274.jpg 768w, https:\/\/innovationssysteme.fraunhofer.de\/wp-content\/uploads\/2018\/07\/Evaluation_1400x500-1024x366.jpg 1024w\" sizes=\"auto, (max-width: 1400px) 100vw, 1400px\" \/><\/p>\n<p style=\"text-align: justify;\">Evaluationssysteme, ob auf institutioneller Ebene, in Netzwerken oder gar auf nationaler Ebene angewendet, liefern entscheidende Informationen f\u00fcr die Steuerung und Lenkung von Forschungs- und Entwicklungsaktivit\u00e4ten.<\/p>\n<p style=\"text-align: justify;\">Unser Team entwickelt auf Basis internationaler Standards Evaluations- und Monitoring-Systeme, die F\u00fchrungskr\u00e4fte im Forschungs- und Entwicklungsbereich dabei unterst\u00fctzen, fr\u00fchzeitig Chancen und Risiken zu erkennen und auf Basis von aktuellen, verl\u00e4sslichen Daten geeignete Ma\u00dfnahmen f\u00fcr eine nachhaltige Entwicklung abzuleiten. Systematischer Auf- und Ausbau der Evaluationskompetenzen zentraler Akteure ist integrierter Bestandteil des Angebots.<\/p>\n<hr \/>\n<p style=\"text-align: justify;\"><strong>Ziel:<\/strong> Durch verschiedene Instrumente zur Schaffung von Transparenz, soll Steuerbarkeit der Innovationsf\u00e4higkeit erreicht werden.<br \/>\n<strong>Vorgehen: <\/strong>Aufbau eines Gesch\u00e4ftsmodells und einer kundenindividuellen Evaluation:<\/p>\n<ul>\n<li>Regelm\u00e4\u00dfige Erhebung der Daten<\/li>\n<li>Management Dashboards<\/li>\n<li>Ableitung von Verbesserungen<\/li>\n<\/ul>\n<p><img loading=\"lazy\" decoding=\"async\" class=\"alignnone size-full wp-image-508\" src=\"https:\/\/innovationssysteme.fraunhofer.de\/wp-content\/uploads\/2018\/07\/Evaluation-Innozentren-Innosysteme.png\" alt=\"\" width=\"1878\" height=\"1306\" srcset=\"https:\/\/innovationssysteme.fraunhofer.de\/wp-content\/uploads\/2018\/07\/Evaluation-Innozentren-Innosysteme.png 1878w, https:\/\/innovationssysteme.fraunhofer.de\/wp-content\/uploads\/2018\/07\/Evaluation-Innozentren-Innosysteme-300x209.png 300w, https:\/\/innovationssysteme.fraunhofer.de\/wp-content\/uploads\/2018\/07\/Evaluation-Innozentren-Innosysteme-768x534.png 768w, https:\/\/innovationssysteme.fraunhofer.de\/wp-content\/uploads\/2018\/07\/Evaluation-Innozentren-Innosysteme-1024x712.png 1024w\" sizes=\"auto, (max-width: 1878px) 100vw, 1878px\" \/><\/p>\n<hr \/>\n<p style=\"text-align: justify;\">Referenzen und Projekte:<br \/>\n\u21e8 <a href=\"https:\/\/innovationssysteme.fraunhofer.de\/index.php\/de\/referenzen\/forschungsevaluation-in-vietnam\/\">Kapazit\u00e4tsaufbau von Forschungsevaluationen in Vietnam (EvaCap)<\/a><\/p>\n","protected":false},"excerpt":{"rendered":"<p>Evaluationssysteme, ob auf institutioneller Ebene, in Netzwerken oder gar auf nationaler Ebene angewendet, liefern entscheidende Informationen f\u00fcr die Steuerung und Lenkung von Forschungs- und Entwicklungsaktivit\u00e4ten. Unser Team entwickelt auf Basis internationaler Standards Evaluations- und Monitoring-Systeme, die F\u00fchrungskr\u00e4fte im Forschungs- und&#8230;<\/p>\n","protected":false},"author":1,"featured_media":0,"parent":22,"menu_order":0,"comment_status":"closed","ping_status":"closed","template":"","meta":{"footnotes":"","_links_to":"","_links_to_target":""},"coauthors":[2],"class_list":["post-132","page","type-page","status-publish","hentry"],"_links":{"self":[{"href":"https:\/\/innovationssysteme.fraunhofer.de\/index.php\/wp-json\/wp\/v2\/pages\/132","targetHints":{"allow":["GET"]}}],"collection":[{"href":"https:\/\/innovationssysteme.fraunhofer.de\/index.php\/wp-json\/wp\/v2\/pages"}],"about":[{"href":"https:\/\/innovationssysteme.fraunhofer.de\/index.php\/wp-json\/wp\/v2\/types\/page"}],"author":[{"embeddable":true,"href":"https:\/\/innovationssysteme.fraunhofer.de\/index.php\/wp-json\/wp\/v2\/users\/1"}],"replies":[{"embeddable":true,"href":"https:\/\/innovationssysteme.fraunhofer.de\/index.php\/wp-json\/wp\/v2\/comments?post=132"}],"version-history":[{"count":24,"href":"https:\/\/innovationssysteme.fraunhofer.de\/index.php\/wp-json\/wp\/v2\/pages\/132\/revisions"}],"predecessor-version":[{"id":901,"href":"https:\/\/innovationssysteme.fraunhofer.de\/index.php\/wp-json\/wp\/v2\/pages\/132\/revisions\/901"}],"up":[{"embeddable":true,"href":"https:\/\/innovationssysteme.fraunhofer.de\/index.php\/wp-json\/wp\/v2\/pages\/22"}],"wp:attachment":[{"href":"https:\/\/innovationssysteme.fraunhofer.de\/index.php\/wp-json\/wp\/v2\/media?parent=132"}],"wp:term":[{"taxonomy":"author","embeddable":true,"href":"https:\/\/innovationssysteme.fraunhofer.de\/index.php\/wp-json\/wp\/v2\/coauthors?post=132"}],"curies":[{"name":"wp","href":"https:\/\/api.w.org\/{rel}","templated":true}]}}