{"id":130,"date":"2018-07-03T16:40:51","date_gmt":"2018-07-03T14:40:51","guid":{"rendered":"https:\/\/websites.fraunhofer.de\/innovationssysteme\/?page_id=130"},"modified":"2018-07-23T17:31:57","modified_gmt":"2018-07-23T15:31:57","slug":"planung-und-aufbau-von-innovationscentren","status":"publish","type":"page","link":"https:\/\/innovationssysteme.fraunhofer.de\/index.php\/de\/leistungsangebot\/planung-und-aufbau-von-innovationscentren\/","title":{"rendered":"Strategische Planung von Innovationsmechanismen"},"content":{"rendered":"<p><img loading=\"lazy\" decoding=\"async\" class=\"size-full wp-image-183\" src=\"https:\/\/innovationssysteme.fraunhofer.de\/wp-content\/uploads\/2018\/07\/Planun_1400x500.jpg\" alt=\"\" width=\"1400\" height=\"500\" srcset=\"https:\/\/innovationssysteme.fraunhofer.de\/wp-content\/uploads\/2018\/07\/Planun_1400x500.jpg 1400w, https:\/\/innovationssysteme.fraunhofer.de\/wp-content\/uploads\/2018\/07\/Planun_1400x500-300x107.jpg 300w, https:\/\/innovationssysteme.fraunhofer.de\/wp-content\/uploads\/2018\/07\/Planun_1400x500-768x274.jpg 768w, https:\/\/innovationssysteme.fraunhofer.de\/wp-content\/uploads\/2018\/07\/Planun_1400x500-1024x366.jpg 1024w\" sizes=\"auto, (max-width: 1400px) 100vw, 1400px\" \/><\/p>\n<p style=\"text-align: justify;\">Die Vernetzung zwischen Wissenschaft und Wirtschaft ist der entscheidende Erfolgsfaktor, um aus wissenschaftlichen Erkenntnissen profitable Innovationen zu machen. Sogenannte \u00bbInnovation Hubs\u00ab f\u00f6rdern die Zusammenarbeit zwischen beiden Seiten. Das CCIS-Team unterst\u00fctzt nationale, regionale und lokale Akteure bei der strategischen Planung und Implementierung von Forschungs- und Innovationszentren.<\/p>\n<p style=\"text-align: justify;\">Unser Angebot umfasst Forschungsverb\u00fcnde und -netzwerke, Technologieparks sowie Innovationscluster. Unsere Experten bringen ihre Erfahrungen in Projekte ein und erarbeiten L\u00f6sungen in enger Abstimmung mit Kunden und Beteiligten vor Ort, um die optimale Einbettung in bestehende Wirtschaftsstrukturen zu gew\u00e4hrleisten.<\/p>\n<hr \/>\n<p><b>Ziel<\/b>: Aufbau einer konsistenten Strategie zur Implementierung von Innovationssystemen und -strukturen.<\/p>\n<p><b>Vorgehen<\/b><b>: <\/b>Workshops mit Experten:<\/p>\n<ul>\n<li>Priorisierung von M\u00e4rkten<\/li>\n<li>Entwicklung von kundenspezifischen Services<\/li>\n<li>Ableitung von Implementierungsma\u00dfnahmen<\/li>\n<\/ul>\n<p>&nbsp;<\/p>\n<p><img loading=\"lazy\" decoding=\"async\" class=\"alignnone size-full wp-image-452\" src=\"https:\/\/innovationssysteme.fraunhofer.de\/wp-content\/uploads\/2018\/07\/strategische_Planung.png\" alt=\"\" width=\"1677\" height=\"879\" srcset=\"https:\/\/innovationssysteme.fraunhofer.de\/wp-content\/uploads\/2018\/07\/strategische_Planung.png 1677w, https:\/\/innovationssysteme.fraunhofer.de\/wp-content\/uploads\/2018\/07\/strategische_Planung-300x157.png 300w, https:\/\/innovationssysteme.fraunhofer.de\/wp-content\/uploads\/2018\/07\/strategische_Planung-768x403.png 768w, https:\/\/innovationssysteme.fraunhofer.de\/wp-content\/uploads\/2018\/07\/strategische_Planung-1024x537.png 1024w\" sizes=\"auto, (max-width: 1677px) 100vw, 1677px\" \/><\/p>\n<hr>\n<p>Referenzen und Projekte:<br \/>\n\u21e8 <a href=\"https:\/\/innovationssysteme.fraunhofer.de\/index.php\/de\/referenzen\/strategische-planung-in-brasilien\/\">Strategische Planung von angewandter Forschung in Brasilien (SENAI)<\/a><br \/>\n\u21e8 <a href=\"https:\/\/innovationssysteme.fraunhofer.de\/index.php\/de\/referenzen\/institut-fuer-technologie-in-dubai\/\">Entwicklung und Umsetzung eines Business-Plans f\u00fcr das &#8222;Dubai Institute of Technology (DIT)&#8220; als regionaler Kernpunkt f\u00fcr die Durchf\u00fchrung von FuE in ausgew\u00e4hlten Forschungsfeldern<\/a><br \/>\n\u21e8 <a href=\"https:\/\/innovationssysteme.fraunhofer.de\/index.php\/de\/referenzen\/regionale-fe-netzwerke-in-indonesien\/\">Gr\u00fcndung bedarfsorientierter regionaler FuE-Netzwerke in Indonesien<\/a><\/p>\n","protected":false},"excerpt":{"rendered":"<p>Die Vernetzung zwischen Wissenschaft und Wirtschaft ist der entscheidende Erfolgsfaktor, um aus wissenschaftlichen Erkenntnissen profitable Innovationen zu machen. Sogenannte \u00bbInnovation Hubs\u00ab f\u00f6rdern die Zusammenarbeit zwischen beiden Seiten. Das CCIS-Team unterst\u00fctzt nationale, regionale und lokale Akteure bei der strategischen Planung und&#8230;<\/p>\n","protected":false},"author":1,"featured_media":0,"parent":22,"menu_order":0,"comment_status":"closed","ping_status":"closed","template":"","meta":{"footnotes":"","_links_to":"","_links_to_target":""},"coauthors":[2],"class_list":["post-130","page","type-page","status-publish","hentry"],"_links":{"self":[{"href":"https:\/\/innovationssysteme.fraunhofer.de\/index.php\/wp-json\/wp\/v2\/pages\/130","targetHints":{"allow":["GET"]}}],"collection":[{"href":"https:\/\/innovationssysteme.fraunhofer.de\/index.php\/wp-json\/wp\/v2\/pages"}],"about":[{"href":"https:\/\/innovationssysteme.fraunhofer.de\/index.php\/wp-json\/wp\/v2\/types\/page"}],"author":[{"embeddable":true,"href":"https:\/\/innovationssysteme.fraunhofer.de\/index.php\/wp-json\/wp\/v2\/users\/1"}],"replies":[{"embeddable":true,"href":"https:\/\/innovationssysteme.fraunhofer.de\/index.php\/wp-json\/wp\/v2\/comments?post=130"}],"version-history":[{"count":16,"href":"https:\/\/innovationssysteme.fraunhofer.de\/index.php\/wp-json\/wp\/v2\/pages\/130\/revisions"}],"predecessor-version":[{"id":892,"href":"https:\/\/innovationssysteme.fraunhofer.de\/index.php\/wp-json\/wp\/v2\/pages\/130\/revisions\/892"}],"up":[{"embeddable":true,"href":"https:\/\/innovationssysteme.fraunhofer.de\/index.php\/wp-json\/wp\/v2\/pages\/22"}],"wp:attachment":[{"href":"https:\/\/innovationssysteme.fraunhofer.de\/index.php\/wp-json\/wp\/v2\/media?parent=130"}],"wp:term":[{"taxonomy":"author","embeddable":true,"href":"https:\/\/innovationssysteme.fraunhofer.de\/index.php\/wp-json\/wp\/v2\/coauthors?post=130"}],"curies":[{"name":"wp","href":"https:\/\/api.w.org\/{rel}","templated":true}]}}