{"id":128,"date":"2018-07-03T16:40:14","date_gmt":"2018-07-03T14:40:14","guid":{"rendered":"https:\/\/websites.fraunhofer.de\/innovationssysteme\/?page_id=128"},"modified":"2018-11-22T11:46:20","modified_gmt":"2018-11-22T10:46:20","slug":"analyse-von-forschungslandschaften","status":"publish","type":"page","link":"https:\/\/innovationssysteme.fraunhofer.de\/index.php\/de\/leistungsangebot\/analyse-von-forschungslandschaften\/","title":{"rendered":"Analyse und Strategieberatung zu Forschungslandschaften"},"content":{"rendered":"<p><img loading=\"lazy\" decoding=\"async\" class=\"size-full wp-image-178\" src=\"https:\/\/innovationssysteme.fraunhofer.de\/wp-content\/uploads\/2018\/07\/Analyse_1400x500.jpg\" alt=\"\" width=\"1400\" height=\"500\" srcset=\"https:\/\/innovationssysteme.fraunhofer.de\/wp-content\/uploads\/2018\/07\/Analyse_1400x500.jpg 1400w, https:\/\/innovationssysteme.fraunhofer.de\/wp-content\/uploads\/2018\/07\/Analyse_1400x500-300x107.jpg 300w, https:\/\/innovationssysteme.fraunhofer.de\/wp-content\/uploads\/2018\/07\/Analyse_1400x500-768x274.jpg 768w, https:\/\/innovationssysteme.fraunhofer.de\/wp-content\/uploads\/2018\/07\/Analyse_1400x500-1024x366.jpg 1024w\" sizes=\"auto, (max-width: 1400px) 100vw, 1400px\" \/><\/p>\n<p style=\"text-align: justify;\">Ausgangspunkt f\u00fcr die Aktivierung nationaler und\/oder regionaler Innovationspotenziale ist immer eine fundierte Analyse der aktuellen Innovationsleistung sowie aller relevanten Strukturelemente des Systems, wie z.B. Patentsysteme, F\u00f6rderprogramme, Technologietransfer oder wissenschaftliche Exzellenz.<\/p>\n<p style=\"text-align: justify;\">Mithilfe makro\u00f6konomischer Analysen, gro\u00dfangelegter Umfragen und Studien, Expertenpanels und wissenschaftlicher Recherche erstellt unser Team Innovationslandkarten, die bestehende St\u00e4rken und Schw\u00e4chen der Forschungslandschaft offen legen. Auf diese Weise identifizieren unsere Experten gemeinsam mit den zust\u00e4ndigen politischen Entscheidungstr\u00e4gern den spezifischen Handlungsbedarf unterschiedlicher Bereiche und unterst\u00fctzen bei der Umsetzung zielf\u00fchrender wissenschaftspolitischer Ma\u00dfnahmen.<\/p>\n<p style=\"text-align: justify;\">\n<hr>\n<p><strong>Ziel:<\/strong> Durch verschiedene Ma\u00dfnahmen (siehe unten) wird ein umfangreiches Verst\u00e4ndnis der Rahmenbedingungen aufgebaut auf dessen Grundlage Ma\u00dfnahmen zur positiven Beeinflussung der Forschungslandschaft abgeleitet werden.<br \/>\n<\/br><strong>Vorgehen:<\/strong> <\/p>\n<ul>\n<li>Recherche und Workshops mit Experten<\/li>\n<li>Kenntnisse \u00fcber Rahmenbedingungen<\/li>\n<li>PESTLE und SWOT Analyse<\/li>\n<li>Ableitung von Handlungsempfehlungen<\/li>\n<\/ul>\n<p><img loading=\"lazy\" decoding=\"async\" src=\"https:\/\/innovationssysteme.fraunhofer.de\/wp-content\/uploads\/2018\/07\/Analyse_Forschungslandschaften.png\" alt=\"\" width=\"1720\" height=\"1077\" class=\"alignnone size-full wp-image-439\" srcset=\"https:\/\/innovationssysteme.fraunhofer.de\/wp-content\/uploads\/2018\/07\/Analyse_Forschungslandschaften.png 1720w, https:\/\/innovationssysteme.fraunhofer.de\/wp-content\/uploads\/2018\/07\/Analyse_Forschungslandschaften-300x188.png 300w, https:\/\/innovationssysteme.fraunhofer.de\/wp-content\/uploads\/2018\/07\/Analyse_Forschungslandschaften-768x481.png 768w, https:\/\/innovationssysteme.fraunhofer.de\/wp-content\/uploads\/2018\/07\/Analyse_Forschungslandschaften-1024x641.png 1024w\" sizes=\"auto, (max-width: 1720px) 100vw, 1720px\" \/><\/p>\n<hr>\n<p>Referenzen und Projekte:<br \/>\n&#8680; <a href=\"https:\/\/innovationssysteme.fraunhofer.de\/index.php\/de\/referenzen\/fe-politik-in-aegypten\/\" target=\"_blank\">Innovationsf\u00f6rderliche Wissenschaftspolitik: Analyse und Gestaltungsma\u00dfnahmen f\u00fcr die \u00c4gyptische Forschungslandschaft<\/a><br \/>\n&#8680; <a href=\"https:\/\/innovationssysteme.fraunhofer.de\/index.php\/de\/referenzen\/wirtschaftsplan-fuer-dubai\/\" target=\"_blank\">Entwicklung eines mittelfristigen Wirtschaftsplans (2011-2015) f\u00fcr Dubai<\/a><br \/>\n&#8680; <a href=\"https:\/\/innovationssysteme.fraunhofer.de\/index.php\/de\/referenzen\/evaluation-des-wissenschafts-und-technik-systems-in-vietnam\/\" target=\"_blank\">Bewertung des Wissenschafts- und Technologie-Systems in Vietnam (VISION)<\/a><br \/>\n&#8680; <a href=\"https:\/\/innovationssysteme.fraunhofer.de\/index.php\/de\/referenzen\/staerkung-des-nationalen-innovationssystems-in-indonesien\/\" target=\"_blank\">Evaluierung der indonesischen Wissenschafts-, Forschungs- und Technologielandschaft zur St\u00e4rkung des Nationalen Innovationssystems (PERISKOP)<\/a><\/p>\n","protected":false},"excerpt":{"rendered":"<p>Ausgangspunkt f\u00fcr die Aktivierung nationaler und\/oder regionaler Innovationspotenziale ist immer eine fundierte Analyse der aktuellen Innovationsleistung sowie aller relevanten Strukturelemente des Systems, wie z.B. Patentsysteme, F\u00f6rderprogramme, Technologietransfer oder wissenschaftliche Exzellenz. Mithilfe makro\u00f6konomischer Analysen, gro\u00dfangelegter Umfragen und Studien, Expertenpanels und wissenschaftlicher&#8230;<\/p>\n","protected":false},"author":1,"featured_media":0,"parent":22,"menu_order":0,"comment_status":"closed","ping_status":"closed","template":"","meta":{"footnotes":"","_links_to":"","_links_to_target":""},"coauthors":[2],"class_list":["post-128","page","type-page","status-publish","hentry"],"_links":{"self":[{"href":"https:\/\/innovationssysteme.fraunhofer.de\/index.php\/wp-json\/wp\/v2\/pages\/128","targetHints":{"allow":["GET"]}}],"collection":[{"href":"https:\/\/innovationssysteme.fraunhofer.de\/index.php\/wp-json\/wp\/v2\/pages"}],"about":[{"href":"https:\/\/innovationssysteme.fraunhofer.de\/index.php\/wp-json\/wp\/v2\/types\/page"}],"author":[{"embeddable":true,"href":"https:\/\/innovationssysteme.fraunhofer.de\/index.php\/wp-json\/wp\/v2\/users\/1"}],"replies":[{"embeddable":true,"href":"https:\/\/innovationssysteme.fraunhofer.de\/index.php\/wp-json\/wp\/v2\/comments?post=128"}],"version-history":[{"count":26,"href":"https:\/\/innovationssysteme.fraunhofer.de\/index.php\/wp-json\/wp\/v2\/pages\/128\/revisions"}],"predecessor-version":[{"id":1046,"href":"https:\/\/innovationssysteme.fraunhofer.de\/index.php\/wp-json\/wp\/v2\/pages\/128\/revisions\/1046"}],"up":[{"embeddable":true,"href":"https:\/\/innovationssysteme.fraunhofer.de\/index.php\/wp-json\/wp\/v2\/pages\/22"}],"wp:attachment":[{"href":"https:\/\/innovationssysteme.fraunhofer.de\/index.php\/wp-json\/wp\/v2\/media?parent=128"}],"wp:term":[{"taxonomy":"author","embeddable":true,"href":"https:\/\/innovationssysteme.fraunhofer.de\/index.php\/wp-json\/wp\/v2\/coauthors?post=128"}],"curies":[{"name":"wp","href":"https:\/\/api.w.org\/{rel}","templated":true}]}}